{"id":3,"date":"2025-06-10T08:05:34","date_gmt":"2025-06-10T08:05:34","guid":{"rendered":"https:\/\/1dest.com\/?page_id=3"},"modified":"2025-09-03T13:49:14","modified_gmt":"2025-09-03T13:49:14","slug":"politique-de-confidentialite","status":"publish","type":"page","link":"https:\/\/1dest.com\/fr\/privacy-policy\/","title":{"rendered":"Politique de confidentialit\u00e9"},"content":{"rendered":"<section class=\"bde-section-3-106 bde-section\">\n  \n  \n\t\n\n\n\n<div class=\"section-container\"><div class=\"bde-columns-3-107 bde-columns\"><div class=\"bde-column-3-108 bde-column\">\n  \n  \n\t\n\n\n\n\n<\/div><div class=\"bde-column-3-109 bde-column\">\n  \n  \n\t\n\n\n\n<div class=\"bde-rich-text-3-111 bde-rich-text breakdance-rich-text-styles\">\n<div class=\"has-text-centered\"><h2 class=\"title is-3 is-uppercase mb-6\">Politique de confidentialit\u00e9<\/h2><\/div><div><p>Bienvenue sur le site\u00a0<strong>1dest.com<\/strong>\u00a0de 1Dest by Nest Srl (ci-apr\u00e8s d\u00e9nomm\u00e9e \"1Dest\").\"<strong>Site web<\/strong>\").<\/p><p>Avec cette politique de confidentialit\u00e9, 1Dest by Nest Srl fournit \u00e0 l'utilisateur des informations concernant le traitement des donn\u00e9es \u00e0 caract\u00e8re personnel - conform\u00e9ment au r\u00e8glement (UE) 2016\/679 (ci-apr\u00e8s \"<strong>R\u00e8glement<\/strong>\") - qui sont collect\u00e9s automatiquement ou qu'il fournit volontairement, en acc\u00e9dant et en naviguant sur le site, ainsi qu'en utilisant les services qui y sont fournis.<\/p><p>La navigation est gratuite et ne n\u00e9cessite aucune inscription ; la fourniture \u00e9ventuelle de donn\u00e9es personnelles est pr\u00e9vue dans la section \"<strong>Politique de confidentialit\u00e9<\/strong>\"dans lequel il est fait r\u00e9f\u00e9rence au contenu de ce document. Le site peut \u00e9galement contenir des liens hypertextes vers des sites, des pages ou des services en ligne de tiers. En cliquant sur ces liens, l'utilisateur peut acc\u00e9der \u00e0 des contenus multim\u00e9dias qui, se rapportant exclusivement aux sujets susmentionn\u00e9s, \u00e9chappent au contr\u00f4le de 1Dest di Nest Srl et ne sont en aucun cas soumis aux dispositions de la pr\u00e9sente Politique de Confidentialit\u00e9. 1Dest di Nest Srl invite donc l'utilisateur \u00e0 \u00eatre prudent lorsqu'il souscrit \u00e0 des services offerts par des tiers, \u00e0 lire attentivement les informations sur le traitement des donn\u00e9es fournies par les sujets susmentionn\u00e9s, par rapport auxquelles 1Dest di Nest Srl ne peut effectuer aucun contr\u00f4le et ne peut \u00eatre tenue pour responsable.<\/p><div class=\"has-text-centered my-5\"><strong>*** *** ***<\/strong><\/div><h3 class=\"title is-5 my-4\">1. Responsable du traitement des donn\u00e9es<\/h3><p>Le responsable du traitement des donn\u00e9es est 1Dest di Nest Srl (C.F. et P.IVA 02490260227) dont le si\u00e8ge social est situ\u00e9 via S. Caterina 74\/D, 38062 Arco, adresse \u00e9lectronique info@1dest.com et adresse postale\u00a0<strong>nestsrls@pec.it<\/strong>\u00a0(ci-apr\u00e8s d\u00e9nomm\u00e9\"<strong>Propri\u00e9taire<\/strong>\").<\/p><h3 class=\"title is-5 my-4\">2. Type de donn\u00e9es \u00e0 caract\u00e8re personnel trait\u00e9es<\/h3><h4 class=\"title is-6 mb-3\">- Donn\u00e9es personnelles relatives \u00e0 la navigation<\/h4><p>Lors de la navigation sur le Site, le Propri\u00e9taire recueille des donn\u00e9es de navigation au moyen de cookies ou d'autres technologies de tra\u00e7age afin de v\u00e9rifier le fonctionnement r\u00e9gulier du Site et de permettre \u00e0 l'utilisateur de b\u00e9n\u00e9ficier des services qui y sont fournis, ainsi que d'assurer la meilleure navigation, d'obtenir des informations sur le nombre de visites \u00e0 des fins d'analyse statistique, de cr\u00e9er des profils permettant l'envoi de publicit\u00e9s en fonction des pr\u00e9f\u00e9rences exprim\u00e9es par l'utilisateur, ainsi que d'identifier les anomalies et\/ou les abus.<\/p><p>Pour plus d'informations sur les technologies utilis\u00e9es pour collecter ces donn\u00e9es, le responsable du traitement invite l'utilisateur \u00e0 consulter le point 4) sur les cookies.<\/p><h4 class=\"title is-6 mb-3\">- Donn\u00e9es fournies volontairement par l'utilisateur<\/h4><p>Le contr\u00f4leur traite \u00e9galement les donn\u00e9es personnelles fournies volontairement par l'utilisateur au cours de l'interaction avec les services fournis par le site et, en particulier :<\/p><ul><li>des donn\u00e9es \u00e0 caract\u00e8re personnel, telles que le nom, le pr\u00e9nom et l'adresse r\u00e9sidentielle ;<\/li><li>les donn\u00e9es de contact, telles que le num\u00e9ro de t\u00e9l\u00e9phone et l'adresse \u00e9lectronique ;<\/li><li>des informations sur le mode de paiement ;<\/li><li>les informations relatives \u00e0 la r\u00e9servation effectu\u00e9e.<\/li><\/ul><p>Dans l'ensemble, \"<strong>Donn\u00e9es<\/strong>\".<\/p><p>L'envoi facultatif et volontaire de messages \u00e9lectroniques aux adresses indiqu\u00e9es sur ce site entra\u00eene l'acquisition de l'adresse \u00e9lectronique de l'exp\u00e9diteur, n\u00e9cessaire pour traiter la demande, ainsi que d'autres donn\u00e9es personnelles indiqu\u00e9es volontairement dans le message. Ces donn\u00e9es sont utilis\u00e9es uniquement pour r\u00e9pondre \u00e0 la demande et ne sont en aucun cas diffus\u00e9es.<\/p><h3 class=\"title is-5 my-4\">3. Finalit\u00e9 du traitement et bases juridiques<\/h3><p>Dans le cadre de la consultation du Site et de l'utilisation des services qui y sont propos\u00e9s, les Donn\u00e9es sont trait\u00e9es pour les finalit\u00e9s suivantes :<\/p><div class=\"content\"><p><strong>a.<\/strong>\u00a0permettre la navigation sur le Site, v\u00e9rifier son bon fonctionnement et \u00e9tablir sa responsabilit\u00e9 en cas de d\u00e9lit informatique, et proc\u00e9der \u00e0 des analyses statistiques des visites sur le Site (ci-apr\u00e8s d\u00e9nomm\u00e9 \" le Site \").\"<strong>Navigation dans le site<\/strong>\"). La base juridique se trouve dans l'ex\u00e9cution d'un contrat (article 6.1 b) du r\u00e8glement), ainsi que dans l'int\u00e9r\u00eat l\u00e9gitime du responsable du traitement (article 6.1 f) du r\u00e8glement) et, en ce qui concerne le traitement des analyses statistiques, dans le consentement donn\u00e9 par l'utilisateur (article 6.1 a) du r\u00e8glement) ;<\/p><p><strong>b.<\/strong>\u00a0v\u00e9rifier la disponibilit\u00e9 aux dates de s\u00e9jour indiqu\u00e9es (ci-apr\u00e8s \"<strong>Recherche de disponibilit\u00e9<\/strong>\"). La base juridique peut \u00eatre trouv\u00e9e dans l'ex\u00e9cution de mesures pr\u00e9contractuelles prises \u00e0 la demande de la personne concern\u00e9e (article 6, paragraphe 1, point b), du r\u00e8glement) ;<\/p><p><strong>c.<\/strong>\u00a0finaliser la r\u00e9servation avec la gestion des prestations correspondantes (ci-apr\u00e8s d\u00e9nomm\u00e9es \"<strong>R\u00e9servation<\/strong>\"). La base juridique est l'ex\u00e9cution du contrat (article 6, paragraphe 1, point b), du r\u00e8glement) ;<\/p><p><strong>d.<\/strong>\u00a0r\u00e9pondre aux demandes d'informations re\u00e7ues (ci-apr\u00e8s d\u00e9nomm\u00e9es \"<strong>Contact<\/strong>\"). La base juridique peut \u00eatre trouv\u00e9e dans l'ex\u00e9cution de mesures pr\u00e9contractuelles prises \u00e0 la demande de l'utilisateur (art. 6.1 b) du r\u00e8glement) ;<\/p><p><strong>e.<\/strong>\u00a0communiquer les donn\u00e9es (en particulier l'adresse \u00e9lectronique) \u00e0\u00a0<strong>nestsrls@pec.it<\/strong>\u00a0S.r.l. (soci\u00e9t\u00e9 op\u00e9rant dans le domaine du d\u00e9veloppement de logiciels pour l'industrie h\u00f4teli\u00e8re) pour l'envoi de communications \u00e0 contenu promotionnel et publicitaire, par e-mail, SMS et messages instantan\u00e9s, de ses produits, services et initiatives (ci-apr\u00e8s d\u00e9nomm\u00e9s \"').\"<strong>Communication<\/strong>\"). La base juridique est le consentement donn\u00e9 par l'utilisateur (article 6, paragraphe 1, point a), du r\u00e8glement) ;<\/p><p><strong>f.<\/strong>\u00a0l'exercice et la d\u00e9fense des droits du responsable du traitement dans toute instance, y compris les proc\u00e9dures judiciaires, administratives, d'arbitrage et de m\u00e9diation ou de conciliation (ci-apr\u00e8s d\u00e9nomm\u00e9es \"<strong>La d\u00e9fense<\/strong>\"). La base juridique est l'int\u00e9r\u00eat l\u00e9gitime du responsable du traitement (article 6, paragraphe 1, point f), du r\u00e8glement).<\/p><\/div><p>\u00c0 l'exception des donn\u00e9es de navigation (collect\u00e9es automatiquement au moyen de cookies ou d'autres technologies de suivi), la fourniture de donn\u00e9es est de nature :<\/p><ul><li><strong>obligatoire<\/strong>\u00a0pour la poursuite des objectifs \u00e9nonc\u00e9s aux points a), b), c), d) et f) ci-dessus. Par cons\u00e9quent, si l'utilisateur ne fournit pas les donn\u00e9es, le responsable du traitement sera dans l'impossibilit\u00e9 de r\u00e9pondre \u00e0 la demande (par exemple, naviguer sur le site, v\u00e9rifier la disponibilit\u00e9 aux dates de s\u00e9jour indiqu\u00e9es, finaliser la r\u00e9servation et accuser r\u00e9ception de toute demande re\u00e7ue) ;<\/li><li><strong>facultatif<\/strong>\u00a0pour la poursuite des finalit\u00e9s vis\u00e9es \u00e0 la lettre e) ci-dessus, notamment pour le traitement d'analyses statistiques sur les visites du Site, et e). Par cons\u00e9quent, le fait que l'utilisateur ne fournisse pas ses donn\u00e9es n'emp\u00eache pas le Titulaire du traitement de les communiquer \u00e0 Ciaobooking S.r.l. et de proc\u00e9der \u00e0 l'analyse statistique des visites sur le site, sans pr\u00e9judice de la poursuite des autres finalit\u00e9s vis\u00e9es \u00e0 la lettre a) et de celles pr\u00e9vues aux lettres b), c), d) et f).<\/li><\/ul><h3 class=\"title is-5 my-4\">4. Cookies<\/h3><p>Le site utilise\u00a0<strong>les cookies techniques, analytiques et de profilage, y compris les cookies de tiers<\/strong>, Les cookies sont utilis\u00e9s pour permettre une navigation et une utilisation normales du site, pour effectuer des analyses statistiques et pour cr\u00e9er des profils permettant d'envoyer des publicit\u00e9s en fonction des pr\u00e9f\u00e9rences de l'utilisateur. De plus amples informations sur les caract\u00e9ristiques des cookies utilis\u00e9s sur le site sont disponibles dans la politique relative aux cookies.<\/p><h3 class=\"title is-5 my-4\">5. Modalit\u00e9s de traitement<\/h3><p>Dans le cadre des finalit\u00e9s indiqu\u00e9es au point 3) ci-dessus, les donn\u00e9es seront trait\u00e9es \u00e0 l'aide d'instruments \u00e9lectroniques, conform\u00e9ment \u00e0 la r\u00e9glementation sur le traitement des donn\u00e9es \u00e0 caract\u00e8re personnel, en adoptant des mesures de s\u00e9curit\u00e9 appropri\u00e9es. Le traitement des donn\u00e9es sera g\u00e9r\u00e9 par le personnel interne du Responsable du traitement qui est sp\u00e9cifiquement autoris\u00e9, form\u00e9 et instruit pour garantir l'ad\u00e9quation et la confidentialit\u00e9, ainsi que pour \u00e9viter les risques de perte et\/ou de destruction et d'acc\u00e8s par des parties non autoris\u00e9es.<\/p><h3 class=\"title is-5 my-4\">6. Communication et diffusion des donn\u00e9es<\/h3><p>Les donn\u00e9es ne seront pas diffus\u00e9es. Dans la mesure strictement pertinente aux fins indiqu\u00e9es au point 3) ci-dessus, les donn\u00e9es peuvent \u00eatre communiqu\u00e9es \u00e0 :<\/p><ul><li>Les parties habilit\u00e9es en vertu de la loi ou de la r\u00e9glementation, telles que, mais sans s'y limiter, les autorit\u00e9s publiques et judiciaires ;<\/li><li>Ciaobooking S.r.l. (soci\u00e9t\u00e9 op\u00e9rant dans le domaine du d\u00e9veloppement de logiciels pour l'industrie h\u00f4teli\u00e8re) sous r\u00e9serve du consentement de l'utilisateur ;<\/li><li>les personnes qui, en leur qualit\u00e9 de responsables autonomes du traitement ou de sous-traitants, conform\u00e9ment \u00e0 l'article 28 du r\u00e8glement, participent au traitement des donn\u00e9es (telles que, \u00e0 titre d'exemple mais sans s'y limiter, les soci\u00e9t\u00e9s qui exercent des activit\u00e9s de gestion et de maintenance pour les syst\u00e8mes informatiques, les plates-formes et les applications utilis\u00e9es).<\/li><\/ul><p>La liste actualis\u00e9e des responsables du traitement des donn\u00e9es est disponible au si\u00e8ge du responsable du traitement des donn\u00e9es.<\/p><h3 class=\"title is-5 my-4\">7. P\u00e9riode de conservation des donn\u00e9es<\/h3><p>Le Responsable du traitement conserve les donn\u00e9es pendant la p\u00e9riode strictement n\u00e9cessaire \u00e0 la r\u00e9alisation des objectifs pour lesquels ces donn\u00e9es ont \u00e9t\u00e9 collect\u00e9es. Sans pr\u00e9judice de ce qui est express\u00e9ment pr\u00e9vu aux points 3) et 4) ci-dessus en ce qui concerne la R\u00e9vocation du Site, les Donn\u00e9es aux fins de :<\/p><ul><li><strong>Recherche de disponibilit\u00e9<\/strong>\u00a0sera stock\u00e9e pour\u00a0<strong>1 an<\/strong>\u00a0\u00e0 partir de la date de leur collecte ;<\/li><li><strong>R\u00e9servation<\/strong>\u00a0sera maintenue tout au long de l'ann\u00e9e.\u00a0<strong>la dur\u00e9e du s\u00e9jour<\/strong>\u00a0et, en passant,..,\u00a0<strong>jusqu'\u00e0 la limitation des droits<\/strong>\u00a0d\u00e9coulant de la relation contractuelle \u00e9tablie avec l'utilisateur (10 ans apr\u00e8s sa cessation) ;<\/li><li><strong>Contact<\/strong>\u00a0ne sera pas conserv\u00e9e plus longtemps que\u00a0<strong>1 an<\/strong>\u00a0\u00e0 compter de la date de leur collecte, qui co\u00efncide avec l'accus\u00e9 de r\u00e9ception de la demande par le contr\u00f4leur ;<\/li><li><strong>Communication<\/strong>\u00a0seront conserv\u00e9s jusqu'\u00e0 leur communication \u00e0 Ciaobooking S.r.l. et, en tout \u00e9tat de cause, pour une p\u00e9riode maximale de\u00a0<strong>1 mois \u00e0 compter de la date de leur collecte<\/strong>. La p\u00e9riode de conservation des donn\u00e9es pour l'envoi de communications \u00e0 contenu informatif et promotionnel des produits et services de Ciaobooking S.r.l. sera express\u00e9ment \u00e9tablie par cette derni\u00e8re et port\u00e9e \u00e0 la connaissance de l'utilisateur ;<\/li><li><strong>La d\u00e9fense<\/strong>\u00a0seront conserv\u00e9s pendant toute la dur\u00e9e du litige et jusqu'\u00e0 l'\u00e9puisement des d\u00e9lais de recours et\/ou de prescription de l'action concern\u00e9e ;<\/li><\/ul><p>sans pr\u00e9judice, toutefois, du droit de r\u00e9voquer le consentement pour les traitements fond\u00e9s sur cette base juridique, de l'exercice des droits vis\u00e9s au point 8) ci-dessous et du respect des obligations sp\u00e9cifiques de conservation pr\u00e9vues par la loi.<\/p><h3 class=\"title is-5 my-4\">8. Droits de la personne concern\u00e9e<\/h3><p>Sans pr\u00e9judice des dispositions et des limitations pr\u00e9vues par le d\u00e9cret l\u00e9gislatif n\u00b0 196\/2003 (Partie I - Titre I - Chapitre III), en ce qui concerne les donn\u00e9es, l'utilisateur a le droit de s'adresser au responsable du traitement :<\/p><ul><li>l'acc\u00e8s (article 15 du r\u00e8glement) ;<\/li><li>la rectification des donn\u00e9es inexactes et l'int\u00e9gration des donn\u00e9es incompl\u00e8tes (article 16 du r\u00e8glement) ;<\/li><li>l'effacement des donn\u00e9es pour les raisons pr\u00e9vues (article 17 du r\u00e8glement) ;<\/li><li>la limitation du traitement aux cas pr\u00e9vus (art. 18 du r\u00e8glement) ;<\/li><li>Portabilit\u00e9 des donn\u00e9es (article 20 du r\u00e8glement) ;<\/li><li>l'opposition au traitement dans les cas pr\u00e9vus (art. 21 du r\u00e8glement).<\/li><\/ul><p>En outre, dans le cas d'un traitement fond\u00e9 sur le consentement, l'utilisateur a \u00e9galement le droit de le r\u00e9voquer \u00e0 tout moment sans que cela n'affecte la l\u00e9galit\u00e9 du traitement effectu\u00e9 avant la r\u00e9vocation. Tous les droits susmentionn\u00e9s peuvent \u00eatre exerc\u00e9s en envoyant une communication au contr\u00f4leur par courrier \u00e9lectronique \u00e0 l'adresse info@1dest.com.<\/p><h3 class=\"title is-5 my-4\">9. Plainte<\/h3><p>Si vous estimez que le traitement de vos donn\u00e9es viole les dispositions du r\u00e8glement, vous avez le droit d'introduire une r\u00e9clamation aupr\u00e8s de l'Autorit\u00e9 de protection des donn\u00e9es conform\u00e9ment aux dispositions de l'article 77 du r\u00e8glement.<\/p><h3 class=\"title is-5 my-4\">10. Transfert de donn\u00e9es \u00e0 l'\u00e9tranger<\/h3><p>Les Donn\u00e9es sont stock\u00e9es au si\u00e8ge du Responsable du traitement et sur des serveurs situ\u00e9s dans l'Union europ\u00e9enne. En cas de transfert des Donn\u00e9es \u00e0 l'\u00e9tranger, le Responsable du traitement s'engage \u00e0 ce que le transfert des Donn\u00e9es vers ces pays s'effectue dans le respect des dispositions du R\u00e8glement et, notamment, en pr\u00e9sence de garanties ad\u00e9quates (d\u00e9cisions d'ad\u00e9quation, clauses contractuelles types approuv\u00e9es par la Commission europ\u00e9enne, etc.).<\/p><div class=\"has-text-right mt-6\"><p><strong>Arche<\/strong>,\u00a0<strong>05\/08\/2025<\/strong><\/p><br \/><p><strong>Le titulaire<\/strong><\/p><p><strong>1Dest by Nest Srl<\/strong><\/p><\/div><\/div>\n<\/div>\n<\/div><div class=\"bde-column-3-110 bde-column\">\n  \n  \n\t\n\n\n\n\n<\/div><\/div><\/div>\n<\/section>","protected":false},"excerpt":{"rendered":"<p>Informativa Privacy policyBenvenuti nel sito web\u00a01dest.com\u00a0di 1Dest di Nest Srl (di seguito &#8220;Sito&#8221;).Con la presente Privacy Policy, 1Dest di Nest Srl fornisce all&#8217;utente le informazioni relative al trattamento dei dati personali &#8211; ai sensi del Regolamento UE 2016\/679 (di seguito &#8220;Regolamento&#8221;) &#8211; che vengono raccolti automaticamente o che lo stesso fornisce volontariamente, accedendo e navigando [&hellip;]<\/p>\n","protected":false},"author":1,"featured_media":0,"parent":0,"menu_order":0,"comment_status":"closed","ping_status":"open","template":"","meta":{"_breakdance_hide_in_design_set":false,"_breakdance_tags":"","footnotes":""},"class_list":["post-3","page","type-page","status-publish","hentry"],"_links":{"self":[{"href":"https:\/\/1dest.com\/fr\/wp-json\/wp\/v2\/pages\/3","targetHints":{"allow":["GET"]}}],"collection":[{"href":"https:\/\/1dest.com\/fr\/wp-json\/wp\/v2\/pages"}],"about":[{"href":"https:\/\/1dest.com\/fr\/wp-json\/wp\/v2\/types\/page"}],"author":[{"embeddable":true,"href":"https:\/\/1dest.com\/fr\/wp-json\/wp\/v2\/users\/1"}],"replies":[{"embeddable":true,"href":"https:\/\/1dest.com\/fr\/wp-json\/wp\/v2\/comments?post=3"}],"version-history":[{"count":14,"href":"https:\/\/1dest.com\/fr\/wp-json\/wp\/v2\/pages\/3\/revisions"}],"predecessor-version":[{"id":1180,"href":"https:\/\/1dest.com\/fr\/wp-json\/wp\/v2\/pages\/3\/revisions\/1180"}],"wp:attachment":[{"href":"https:\/\/1dest.com\/fr\/wp-json\/wp\/v2\/media?parent=3"}],"curies":[{"name":"wp","href":"https:\/\/api.w.org\/{rel}","templated":true}]}}