{"id":2544,"date":"2025-09-16T12:36:58","date_gmt":"2025-09-16T12:36:58","guid":{"rendered":"https:\/\/1dest.com\/?page_id=2544"},"modified":"2025-09-25T14:17:06","modified_gmt":"2025-09-25T14:17:06","slug":"reve-blanc","status":"publish","type":"page","link":"https:\/\/1dest.com\/fr\/white-dream\/","title":{"rendered":"R\u00eave blanc"},"content":{"rendered":"<section class=\"bde-section-2544-100 bde-section\">\n              \n  \n  \n\t\n\n  <div class=\"section-background-overlay\"><\/div>\n\n\n<div class=\"section-container\"><h1 class=\"bde-heading-2544-101 bde-heading\">\nR\u00eave blanc\n<\/h1><\/div>\n<\/section><section id=\"scroll\" class=\"bde-section-2544-102 bde-section\">\n  \n  \n\t\n\n\n\n<div class=\"section-container\"><div class=\"bde-columns-2544-103 bde-columns\"><div class=\"bde-column-2544-104 bde-column\">\n  \n  \n\t\n\n\n\n<div class=\"bde-text-2544-105 bde-text\">\n\n<\/div><h3 class=\"bde-heading-2544-106 bde-heading\">\nDescription\n<\/h3><div class=\"bde-text-2544-107 bde-text\" data-entrance=\"fade\">\nLe White Dream est un appartement confortable situ\u00e9 au c\u0153ur de Riva del Garda, l'une des stations baln\u00e9aires les plus charmantes du lac de Garde. Sa situation privil\u00e9gi\u00e9e vous permettra de profiter pleinement de la ville et de ses environs, en appr\u00e9ciant tout ce que Riva del Garda a \u00e0 offrir \u00e0 quelques minutes de marche : des restaurants renomm\u00e9s, des boutiques de souvenirs, des parcs enchanteurs et la charmante promenade du bord du lac.<br><br>R\u00e9servez le White Dream pour votre prochain voyage et profitez de la beaut\u00e9 du lac de Garde dans une atmosph\u00e8re confortable et accueillante. Vous pouvez passer un moment inoubliable dans l'un des plus beaux endroits d'Italie, sans renoncer au confort et \u00e0 la d\u00e9tente d'une maison loin de chez soi.\n<\/div><h3 class=\"bde-heading-2544-108 bde-heading\">\nServices inclus dans le logement\n<\/h3><div class=\"bde-icon-list-2544-109 bde-icon-list\">\n<ul>\n  \n              \n    <li>\n              <div class='bde-icon-list__item-wrapper'>\n      \n      <span class='bde-icon-list__icon'>\n        <svg xmlns=\"http:\/\/www.w3.org\/2000\/svg\" viewbox=\"0 0 640 512\"><!--! Font Awesome Free 6.5.1 by @fontawesome - https:\/\/fontawesome.com License - https:\/\/fontawesome.com\/license\/free (Icons: CC BY 4.0, Fonts: SIL OFL 1.1, Code: MIT License) Copyright 2023 Fonticons, Inc. --><path d=\"M54.2 202.9C123.2 136.7 216.8 96 320 96s196.8 40.7 265.8 106.9c12.8 12.2 33 11.8 45.2-.9s11.8-33-.9-45.2C549.7 79.5 440.4 32 320 32S90.3 79.5 9.8 156.7C-2.9 169-3.3 189.2 8.9 202s32.5 13.2 45.2 .9zM320 256c56.8 0 108.6 21.1 148.2 56c13.3 11.7 33.5 10.4 45.2-2.8s10.4-33.5-2.8-45.2C459.8 219.2 393 192 320 192s-139.8 27.2-190.5 72c-13.3 11.7-14.5 31.9-2.8 45.2s31.9 14.5 45.2 2.8c39.5-34.9 91.3-56 148.2-56zm64 160a64 64 0 1 0 -128 0 64 64 0 1 0 128 0z\"\/><\/svg>\n      <\/span>\n      <span class='bde-icon-list__text' >\n      Wi-Fi gratuit\n      <\/span>\n              <\/div>\n      \n    <\/li>\n\n  \n              \n    <li>\n              <div class='bde-icon-list__item-wrapper'>\n      \n      <span class='bde-icon-list__icon'>\n        <svg xmlns=\"http:\/\/www.w3.org\/2000\/svg\" id=\"icon-spoon-knife\" viewbox=\"0 0 32 32\">\n<path d=\"M7 0c-3.314 0-6 3.134-6 7 0 3.31 1.969 6.083 4.616 6.812l-0.993 16.191c-0.067 1.098 0.778 1.996 1.878 1.996h1c1.1 0 1.945-0.898 1.878-1.996l-0.993-16.191c2.646-0.729 4.616-3.502 4.616-6.812 0-3.866-2.686-7-6-7zM27.167 0l-1.667 10h-1.25l-0.833-10h-0.833l-0.833 10h-1.25l-1.667-10h-0.833v13c0 0.552 0.448 1 1 1h2.604l-0.982 16.004c-0.067 1.098 0.778 1.996 1.878 1.996h1c1.1 0 1.945-0.898 1.878-1.996l-0.982-16.004h2.604c0.552 0 1-0.448 1-1v-13h-0.833z\"\/>\n<\/svg>\n      <\/span>\n      <span class='bde-icon-list__text' >\n      Cuisine \u00e9quip\u00e9e\n      <\/span>\n              <\/div>\n      \n    <\/li>\n\n  \n              \n    <li>\n              <div class='bde-icon-list__item-wrapper'>\n      \n      <span class='bde-icon-list__icon'>\n        <svg xmlns=\"http:\/\/www.w3.org\/2000\/svg\" viewbox=\"0 0 24 24\"><path d=\"M14.83,11.17C16.39,12.73 16.39,15.27 14.83,16.83C13.27,18.39 10.73,18.39 9.17,16.83L14.83,11.17M6,2H18A2,2 0 0,1 20,4V20A2,2 0 0,1 18,22H6A2,2 0 0,1 4,20V4A2,2 0 0,1 6,2M7,4A1,1 0 0,0 6,5A1,1 0 0,0 7,6A1,1 0 0,0 8,5A1,1 0 0,0 7,4M10,4A1,1 0 0,0 9,5A1,1 0 0,0 10,6A1,1 0 0,0 11,5A1,1 0 0,0 10,4M12,8A6,6 0 0,0 6,14A6,6 0 0,0 12,20A6,6 0 0,0 18,14A6,6 0 0,0 12,8Z\"\/><\/svg>\n      <\/span>\n      <span class='bde-icon-list__text' >\n      Machine \u00e0 laver\n      <\/span>\n              <\/div>\n      \n    <\/li>\n\n  \n              \n    <li>\n              <div class='bde-icon-list__item-wrapper'>\n      \n      <span class='bde-icon-list__icon'>\n        <svg xmlns=\"http:\/\/www.w3.org\/2000\/svg\" viewbox=\"0 0 640 512\"><!--! Font Awesome Free 6.5.1 by @fontawesome - https:\/\/fontawesome.com License - https:\/\/fontawesome.com\/license\/free (Icons: CC BY 4.0, Fonts: SIL OFL 1.1, Code: MIT License) Copyright 2023 Fonticons, Inc. --><path d=\"M32 32c17.7 0 32 14.3 32 32V320H288V160c0-17.7 14.3-32 32-32H544c53 0 96 43 96 96V448c0 17.7-14.3 32-32 32s-32-14.3-32-32V416H352 320 64v32c0 17.7-14.3 32-32 32s-32-14.3-32-32V64C0 46.3 14.3 32 32 32zm144 96a80 80 0 1 1 0 160 80 80 0 1 1 0-160z\"\/><\/svg>\n      <\/span>\n      <span class='bde-icon-list__text' >\n       Linge de maison et articles de toilette\n      <\/span>\n              <\/div>\n      \n    <\/li>\n\n  \n              \n    <li>\n              <div class='bde-icon-list__item-wrapper'>\n      \n      <span class='bde-icon-list__icon'>\n        <svg xmlns=\"http:\/\/www.w3.org\/2000\/svg\" viewbox=\"0 0 448 512\"><!--! Font Awesome Free 6.5.1 by @fontawesome - https:\/\/fontawesome.com License - https:\/\/fontawesome.com\/license\/free (Icons: CC BY 4.0, Fonts: SIL OFL 1.1, Code: MIT License) Copyright 2023 Fonticons, Inc. --><path d=\"M64 32C28.7 32 0 60.7 0 96V416c0 35.3 28.7 64 64 64H384c35.3 0 64-28.7 64-64V96c0-35.3-28.7-64-64-64H64zM192 256h48c17.7 0 32-14.3 32-32s-14.3-32-32-32H192v64zm48 64H192v32c0 17.7-14.3 32-32 32s-32-14.3-32-32V288 168c0-22.1 17.9-40 40-40h72c53 0 96 43 96 96s-43 96-96 96z\"\/><\/svg>\n      <\/span>\n      <span class='bde-icon-list__text' >\n      Parking gratuit\n      <\/span>\n              <\/div>\n      \n    <\/li>\n\n  <\/ul>\n\n<\/div><h3 class=\"bde-heading-2544-110 bde-heading\">\nR\u00e8gles d'h\u00e9bergement\n<\/h3><div class=\"bde-icon-list-2544-111 bde-icon-list\">\n<ul>\n  \n              \n    <li>\n              <div class='bde-icon-list__item-wrapper'>\n      \n      <span class='bde-icon-list__icon'>\n        <svg xmlns=\"http:\/\/www.w3.org\/2000\/svg\" viewbox=\"0 0 512 512\"><!--! Font Awesome Free 6.5.1 by @fontawesome - https:\/\/fontawesome.com License - https:\/\/fontawesome.com\/license\/free (Icons: CC BY 4.0, Fonts: SIL OFL 1.1, Code: MIT License) Copyright 2023 Fonticons, Inc. --><path d=\"M464 256A208 208 0 1 1 48 256a208 208 0 1 1 416 0zM0 256a256 256 0 1 0 512 0A256 256 0 1 0 0 256zM232 120V256c0 8 4 15.5 10.7 20l96 64c11 7.4 25.9 4.4 33.3-6.7s4.4-25.9-6.7-33.3L280 243.2V120c0-13.3-10.7-24-24-24s-24 10.7-24 24z\"\/><\/svg>\n      <\/span>\n      <span class='bde-icon-list__text' >\n      Arriv\u00e9e apr\u00e8s 16 heures, d\u00e9part avant 10 heures.\n      <\/span>\n              <\/div>\n      \n    <\/li>\n\n  \n              \n    <li>\n              <div class='bde-icon-list__item-wrapper'>\n      \n      <span class='bde-icon-list__icon'>\n        <svg xmlns=\"http:\/\/www.w3.org\/2000\/svg\" viewbox=\"0 0 576 512\"><!--! Font Awesome Free 6.5.1 by @fontawesome - https:\/\/fontawesome.com License - https:\/\/fontawesome.com\/license\/free (Icons: CC BY 4.0, Fonts: SIL OFL 1.1, Code: MIT License) Copyright 2023 Fonticons, Inc. --><path d=\"M309.6 158.5L332.7 19.8C334.6 8.4 344.5 0 356.1 0c7.5 0 14.5 3.5 19 9.5L392 32h52.1c12.7 0 24.9 5.1 33.9 14.1L496 64h56c13.3 0 24 10.7 24 24v24c0 44.2-35.8 80-80 80H464 448 426.7l-5.1 30.5-112-64zM416 256.1L416 480c0 17.7-14.3 32-32 32H352c-17.7 0-32-14.3-32-32V364.8c-24 12.3-51.2 19.2-80 19.2s-56-6.9-80-19.2V480c0 17.7-14.3 32-32 32H96c-17.7 0-32-14.3-32-32V249.8c-28.8-10.9-51.4-35.3-59.2-66.5L1 167.8c-4.3-17.1 6.1-34.5 23.3-38.8s34.5 6.1 38.8 23.3l3.9 15.5C70.5 182 83.3 192 98 192h30 16H303.8L416 256.1zM464 80a16 16 0 1 0 -32 0 16 16 0 1 0 32 0z\"\/><\/svg>\n      <\/span>\n      <span class='bde-icon-list__text' >\n      Animaux admis (suppl\u00e9ment possible)\n      <\/span>\n              <\/div>\n      \n    <\/li>\n\n  \n              \n    <li>\n              <div class='bde-icon-list__item-wrapper'>\n      \n      <span class='bde-icon-list__icon'>\n        <svg xmlns=\"http:\/\/www.w3.org\/2000\/svg\" viewbox=\"0 0 512 512\"><!--! Font Awesome Free 6.5.1 by @fontawesome - https:\/\/fontawesome.com License - https:\/\/fontawesome.com\/license\/free (Icons: CC BY 4.0, Fonts: SIL OFL 1.1, Code: MIT License) Copyright 2023 Fonticons, Inc. --><path d=\"M99.5 144.8L178.7 224l96 96 92.5 92.5C335.9 434.9 297.5 448 256 448C150 448 64 362 64 256c0-41.5 13.1-79.9 35.5-111.2zM333.3 288l-32-32H384v32H333.3zm32 32H400c8.8 0 16-7.2 16-16V240c0-8.8-7.2-16-16-16H269.3L144.8 99.5C176.1 77.1 214.5 64 256 64c106 0 192 86 192 192c0 41.5-13.1 79.9-35.5 111.2L365.3 320zM256 512A256 256 0 1 0 256 0a256 256 0 1 0 0 512zM272 96c-8.8 0-16 7.2-16 16c0 26.5 21.5 48 48 48h32c8.8 0 16 7.2 16 16s7.2 16 16 16s16-7.2 16-16c0-26.5-21.5-48-48-48H304c-8.8 0-16-7.2-16-16s-7.2-16-16-16zM229.5 320l-96-96H112c-8.8 0-16 7.2-16 16v64c0 8.8 7.2 16 16 16H229.5z\"\/><\/svg>\n      <\/span>\n      <span class='bde-icon-list__text' >\n      Logement non fumeur\n      <\/span>\n              <\/div>\n      \n    <\/li>\n\n  <\/ul>\n\n<\/div><div class=\"bde-google-map-2544-112 bde-google-map\">\r\n<iframe width=\"100%\" height=\"100%\" style=\"border:0\" loading=\"lazy\" title=\"Carte\" src=\"https:\/\/maps.google.com\/maps?q=Via+Pilati%2C+4%2C+Riva+del+Garda&t=m&z=13&output=embed&iwloc=near\" allowfullscreen><\/iframe>\n<\/div>\n<\/div><div class=\"bde-column-2544-113 bde-column\">\n  \n  \n\t\n\n\n\n<div class=\"bde-div-2544-114 bde-div\">\n  \n  \n\t\n\n\n\n<div class=\"bde-div-2544-115 bde-div\">\n  \n  \n\t\n\n\n\n<h3 class=\"bde-heading-2544-116 bde-heading\">\nR\u00e9server cet appartement\n<\/h3><div class=\"bde-text-2544-117 bde-text\">\nS\u00e9lectionnez les dates, v\u00e9rifiez les disponibilit\u00e9s et r\u00e9servez votre s\u00e9jour.\n<\/div><div class=\"bde-icon-list-2544-118 bde-icon-list\">\n<ul>\n  \n              \n    <li>\n              <div class='bde-icon-list__item-wrapper'>\n      \n      <span class='bde-icon-list__icon'>\n        <svg xmlns=\"http:\/\/www.w3.org\/2000\/svg\" viewbox=\"0 0 384 512\"><!--! Font Awesome Free 6.5.1 by @fontawesome - https:\/\/fontawesome.com License - https:\/\/fontawesome.com\/license\/free (Icons: CC BY 4.0, Fonts: SIL OFL 1.1, Code: MIT License) Copyright 2023 Fonticons, Inc. --><path d=\"M384 192c0 87.4-117 243-168.3 307.2c-12.3 15.3-35.1 15.3-47.4 0C117 435 0 279.4 0 192C0 86 86 0 192 0S384 86 384 192z\"\/><\/svg>\n      <\/span>\n      <span class='bde-icon-list__text' >\n      Via Pilati, 4, Riva del Garda\n      <\/span>\n              <\/div>\n      \n    <\/li>\n\n  \n              \n    <li>\n              <div class='bde-icon-list__item-wrapper'>\n      \n      <span class='bde-icon-list__icon'>\n        <svg xmlns=\"http:\/\/www.w3.org\/2000\/svg\" viewbox=\"0 0 512 512\"><!--! Font Awesome Free 6.5.1 by @fontawesome - https:\/\/fontawesome.com License - https:\/\/fontawesome.com\/license\/free (Icons: CC BY 4.0, Fonts: SIL OFL 1.1, Code: MIT License) Copyright 2023 Fonticons, Inc. --><path d=\"M406.6 374.6l96-96c12.5-12.5 12.5-32.8 0-45.3l-96-96c-12.5-12.5-32.8-12.5-45.3 0s-12.5 32.8 0 45.3L402.7 224l-293.5 0 41.4-41.4c12.5-12.5 12.5-32.8 0-45.3s-32.8-12.5-45.3 0l-96 96c-12.5 12.5-12.5 32.8 0 45.3l96 96c12.5 12.5 32.8 12.5 45.3 0s12.5-32.8 0-45.3L109.3 288l293.5 0-41.4 41.4c-12.5 12.5-12.5 32.8 0 45.3s32.8 12.5 45.3 0z\"\/><\/svg>\n      <\/span>\n      <span class='bde-icon-list__text' >\n      surface de 92 m\u00b2\n      <\/span>\n              <\/div>\n      \n    <\/li>\n\n  \n              \n    <li>\n              <div class='bde-icon-list__item-wrapper'>\n      \n      <span class='bde-icon-list__icon'>\n        <svg xmlns=\"http:\/\/www.w3.org\/2000\/svg\" width=\"11\" height=\"12\" viewbox=\"0 0 11 12\" fill=\"none\">\r\n<path d=\"M9.59 11C9.59 9.065 7.665 7.5 5.295 7.5C2.925 7.5 1 9.065 1 11M5.295 6C5.95804 6 6.59393 5.73661 7.06277 5.26777C7.53161 4.79893 7.795 4.16304 7.795 3.5C7.795 2.83696 7.53161 2.20107 7.06277 1.73223C6.59393 1.26339 5.95804 1 5.295 1C4.63196 1 3.99607 1.26339 3.52723 1.73223C3.05839 2.20107 2.795 2.83696 2.795 3.5C2.795 4.16304 3.05839 4.79893 3.52723 5.26777C3.99607 5.73661 4.63196 6 5.295 6Z\" stroke=\"#8DA1A6\" stroke-linecap=\"round\" stroke-linejoin=\"round\"\/>\r\n<\/svg>\n      <\/span>\n      <span class='bde-icon-list__text' >\n      Maximum 7 personnes\n      <\/span>\n              <\/div>\n      \n    <\/li>\n\n  \n              \n    <li>\n              <div class='bde-icon-list__item-wrapper'>\n      \n      <span class='bde-icon-list__icon'>\n        <svg xmlns=\"http:\/\/www.w3.org\/2000\/svg\" viewbox=\"0 0 640 512\"><!--! Font Awesome Free 6.5.1 by @fontawesome - https:\/\/fontawesome.com License - https:\/\/fontawesome.com\/license\/free (Icons: CC BY 4.0, Fonts: SIL OFL 1.1, Code: MIT License) Copyright 2023 Fonticons, Inc. --><path d=\"M32 32c17.7 0 32 14.3 32 32V320H288V160c0-17.7 14.3-32 32-32H544c53 0 96 43 96 96V448c0 17.7-14.3 32-32 32s-32-14.3-32-32V416H352 320 64v32c0 17.7-14.3 32-32 32s-32-14.3-32-32V64C0 46.3 14.3 32 32 32zm144 96a80 80 0 1 1 0 160 80 80 0 1 1 0-160z\"\/><\/svg>\n      <\/span>\n      <span class='bde-icon-list__text' >\n      2 pi\u00e8ces\n      <\/span>\n              <\/div>\n      \n    <\/li>\n\n  <\/ul>\n\n<\/div><div class=\"bde-button-2544-119 bde-button\">\n    \n                        \n                        \n    \n    \n    \n    \n            \n                    \n            \n            \n\n    \n    \n    \n    \n    \n    <a class=\"breakdance-link button-atom button-atom--primary bde-button__button\" href=\"https:\/\/booking.1dest.com\/fr\/properties\/white-dream-riva-del-garda\" target=\"_blank\" data-type=\"url\"  >\n\n    \n        <span class=\"button-atom__text\">R\u00c9SERVEZ MAINTENANT<\/span>\n\n        \n        \n                <\/a>\n\n    \n\n\n<\/div><div class=\"bde-icon-list-2544-120 bde-icon-list\">\n<ul>\n  \n              \n    <li>\n              <div class='bde-icon-list__item-wrapper'>\n      \n      <span class='bde-icon-list__icon'>\n        <svg xmlns=\"http:\/\/www.w3.org\/2000\/svg\" viewbox=\"0 0 448 512\"><!--! Font Awesome Free 6.5.1 by @fontawesome - https:\/\/fontawesome.com License - https:\/\/fontawesome.com\/license\/free (Icons: CC BY 4.0, Fonts: SIL OFL 1.1, Code: MIT License) Copyright 2023 Fonticons, Inc. --><path d=\"M438.6 105.4c12.5 12.5 12.5 32.8 0 45.3l-256 256c-12.5 12.5-32.8 12.5-45.3 0l-128-128c-12.5-12.5-12.5-32.8 0-45.3s32.8-12.5 45.3 0L160 338.7 393.4 105.4c12.5-12.5 32.8-12.5 45.3 0z\"\/><\/svg>\n      <\/span>\n      <span class='bde-icon-list__text' >\n      Meilleur taux garanti\n      <\/span>\n              <\/div>\n      \n    <\/li>\n\n  <\/ul>\n\n<\/div>\n<\/div>\n<\/div>\n<\/div><\/div><\/div>\n<\/section><section class=\"bde-section-2544-121 bde-section\">\n  \n  \n\t\n\n\n\n<div class=\"section-container\"><div class=\"bde-gallery-2544-122 bde-gallery\">\n\n\n  \n\n\n\n\n\n\n\n\n\n\n<div class=\"ee-gallery ee-gallery--default ee-gallery--grid ee-gallery--single ee-gallery--lightbox ee-gallery-- ee-gallery--caption- ee-gallery--caption-none ee-gallery--ratio\">\n                  \n      <a class=\"ee-gallery-item ee-gallery-item--image ee-gallery-item--single\" href=\"https:\/\/1dest.com\/wp-content\/uploads\/2025\/09\/White-dream-8.webp\"  data-sub-html=\"<span><\/span>\" data-category=\"1\"                  data-lg-size=\"1920-1282\"\n\n      >\n        <figure class=\"ee-gallery-item-figure\">\n                        <img decoding=\"async\" class=\"breakdance-image-object\" src=\"https:\/\/1dest.com\/wp-content\/uploads\/2025\/09\/White-dream-8-1024x684.webp\" width=\"1024\" height=\"684\" srcset=\"https:\/\/1dest.com\/wp-content\/uploads\/2025\/09\/White-dream-8.webp 1920w, https:\/\/1dest.com\/wp-content\/uploads\/2025\/09\/White-dream-8-300x200.webp 300w, https:\/\/1dest.com\/wp-content\/uploads\/2025\/09\/White-dream-8-1024x684.webp 1024w, https:\/\/1dest.com\/wp-content\/uploads\/2025\/09\/White-dream-8-768x513.webp 768w, https:\/\/1dest.com\/wp-content\/uploads\/2025\/09\/White-dream-8-1536x1026.webp 1536w, https:\/\/1dest.com\/wp-content\/uploads\/2025\/09\/White-dream-8-18x12.webp 18w\" sizes=\"auto, (max-width: 1920px) 100vw, 1920px\" loading=\"lazy\">\n          \n                  <\/figure>\n      <\/a>\n\n                \n      <a class=\"ee-gallery-item ee-gallery-item--image ee-gallery-item--single\" href=\"https:\/\/1dest.com\/wp-content\/uploads\/2025\/09\/white-dream-7.webp\"  data-sub-html=\"<span><\/span>\" data-category=\"1\"                  data-lg-size=\"1600-1068\"\n\n      >\n        <figure class=\"ee-gallery-item-figure\">\n                        <img decoding=\"async\" class=\"breakdance-image-object\" src=\"https:\/\/1dest.com\/wp-content\/uploads\/2025\/09\/white-dream-7-1024x684.webp\" width=\"1024\" height=\"684\" srcset=\"https:\/\/1dest.com\/wp-content\/uploads\/2025\/09\/white-dream-7.webp 1600w, https:\/\/1dest.com\/wp-content\/uploads\/2025\/09\/white-dream-7-300x200.webp 300w, https:\/\/1dest.com\/wp-content\/uploads\/2025\/09\/white-dream-7-1024x684.webp 1024w, https:\/\/1dest.com\/wp-content\/uploads\/2025\/09\/white-dream-7-768x513.webp 768w, https:\/\/1dest.com\/wp-content\/uploads\/2025\/09\/white-dream-7-1536x1025.webp 1536w, https:\/\/1dest.com\/wp-content\/uploads\/2025\/09\/white-dream-7-18x12.webp 18w\" sizes=\"auto, (max-width: 1600px) 100vw, 1600px\" loading=\"lazy\">\n          \n                  <\/figure>\n      <\/a>\n\n                \n      <a class=\"ee-gallery-item ee-gallery-item--image ee-gallery-item--single\" href=\"https:\/\/1dest.com\/wp-content\/uploads\/2025\/09\/white-dream-1.webp\"  data-sub-html=\"<span><\/span>\" data-category=\"1\"                  data-lg-size=\"1920-1282\"\n\n      >\n        <figure class=\"ee-gallery-item-figure\">\n                        <img decoding=\"async\" class=\"breakdance-image-object\" src=\"https:\/\/1dest.com\/wp-content\/uploads\/2025\/09\/white-dream-1-1024x684.webp\" width=\"1024\" height=\"684\" srcset=\"https:\/\/1dest.com\/wp-content\/uploads\/2025\/09\/white-dream-1.webp 1920w, https:\/\/1dest.com\/wp-content\/uploads\/2025\/09\/white-dream-1-300x200.webp 300w, https:\/\/1dest.com\/wp-content\/uploads\/2025\/09\/white-dream-1-1024x684.webp 1024w, https:\/\/1dest.com\/wp-content\/uploads\/2025\/09\/white-dream-1-768x513.webp 768w, https:\/\/1dest.com\/wp-content\/uploads\/2025\/09\/white-dream-1-1536x1026.webp 1536w, https:\/\/1dest.com\/wp-content\/uploads\/2025\/09\/white-dream-1-18x12.webp 18w\" sizes=\"auto, (max-width: 1920px) 100vw, 1920px\" loading=\"lazy\">\n          \n                  <\/figure>\n      <\/a>\n\n                \n      <a class=\"ee-gallery-item ee-gallery-item--image ee-gallery-item--single\" href=\"https:\/\/1dest.com\/wp-content\/uploads\/2025\/09\/white-dream-2.webp\"  data-sub-html=\"<span><\/span>\" data-category=\"1\"                  data-lg-size=\"1600-1068\"\n\n      >\n        <figure class=\"ee-gallery-item-figure\">\n                        <img decoding=\"async\" class=\"breakdance-image-object\" src=\"https:\/\/1dest.com\/wp-content\/uploads\/2025\/09\/white-dream-2-1024x684.webp\" width=\"1024\" height=\"684\" srcset=\"https:\/\/1dest.com\/wp-content\/uploads\/2025\/09\/white-dream-2.webp 1600w, https:\/\/1dest.com\/wp-content\/uploads\/2025\/09\/white-dream-2-300x200.webp 300w, https:\/\/1dest.com\/wp-content\/uploads\/2025\/09\/white-dream-2-1024x684.webp 1024w, https:\/\/1dest.com\/wp-content\/uploads\/2025\/09\/white-dream-2-768x513.webp 768w, https:\/\/1dest.com\/wp-content\/uploads\/2025\/09\/white-dream-2-1536x1025.webp 1536w, https:\/\/1dest.com\/wp-content\/uploads\/2025\/09\/white-dream-2-18x12.webp 18w\" sizes=\"auto, (max-width: 1600px) 100vw, 1600px\" loading=\"lazy\">\n          \n                  <\/figure>\n      <\/a>\n\n                \n      <a class=\"ee-gallery-item ee-gallery-item--image ee-gallery-item--single\" href=\"https:\/\/1dest.com\/wp-content\/uploads\/2025\/09\/white-dream-3.webp\"  data-sub-html=\"<span><\/span>\" data-category=\"1\"                  data-lg-size=\"1600-1068\"\n\n      >\n        <figure class=\"ee-gallery-item-figure\">\n                        <img decoding=\"async\" class=\"breakdance-image-object\" src=\"https:\/\/1dest.com\/wp-content\/uploads\/2025\/09\/white-dream-3-1024x684.webp\" width=\"1024\" height=\"684\" srcset=\"https:\/\/1dest.com\/wp-content\/uploads\/2025\/09\/white-dream-3.webp 1600w, https:\/\/1dest.com\/wp-content\/uploads\/2025\/09\/white-dream-3-300x200.webp 300w, https:\/\/1dest.com\/wp-content\/uploads\/2025\/09\/white-dream-3-1024x684.webp 1024w, https:\/\/1dest.com\/wp-content\/uploads\/2025\/09\/white-dream-3-768x513.webp 768w, https:\/\/1dest.com\/wp-content\/uploads\/2025\/09\/white-dream-3-1536x1025.webp 1536w, https:\/\/1dest.com\/wp-content\/uploads\/2025\/09\/white-dream-3-18x12.webp 18w\" sizes=\"auto, (max-width: 1600px) 100vw, 1600px\" loading=\"lazy\">\n          \n                  <\/figure>\n      <\/a>\n\n                \n      <a class=\"ee-gallery-item ee-gallery-item--image ee-gallery-item--single\" href=\"https:\/\/1dest.com\/wp-content\/uploads\/2025\/09\/white-dream-4.webp\"  data-sub-html=\"<span><\/span>\" data-category=\"1\"                  data-lg-size=\"1600-1068\"\n\n      >\n        <figure class=\"ee-gallery-item-figure\">\n                        <img decoding=\"async\" class=\"breakdance-image-object\" src=\"https:\/\/1dest.com\/wp-content\/uploads\/2025\/09\/white-dream-4-1024x684.webp\" width=\"1024\" height=\"684\" srcset=\"https:\/\/1dest.com\/wp-content\/uploads\/2025\/09\/white-dream-4.webp 1600w, https:\/\/1dest.com\/wp-content\/uploads\/2025\/09\/white-dream-4-300x200.webp 300w, https:\/\/1dest.com\/wp-content\/uploads\/2025\/09\/white-dream-4-1024x684.webp 1024w, https:\/\/1dest.com\/wp-content\/uploads\/2025\/09\/white-dream-4-768x513.webp 768w, https:\/\/1dest.com\/wp-content\/uploads\/2025\/09\/white-dream-4-1536x1025.webp 1536w, https:\/\/1dest.com\/wp-content\/uploads\/2025\/09\/white-dream-4-18x12.webp 18w\" sizes=\"auto, (max-width: 1600px) 100vw, 1600px\" loading=\"lazy\">\n          \n                  <\/figure>\n      <\/a>\n\n                \n      <a class=\"ee-gallery-item ee-gallery-item--image ee-gallery-item--single\" href=\"https:\/\/1dest.com\/wp-content\/uploads\/2025\/09\/white-dream-5.webp\"  data-sub-html=\"<span><\/span>\" data-category=\"1\"                  data-lg-size=\"1600-1068\"\n\n      >\n        <figure class=\"ee-gallery-item-figure\">\n                        <img decoding=\"async\" class=\"breakdance-image-object\" src=\"https:\/\/1dest.com\/wp-content\/uploads\/2025\/09\/white-dream-5-1024x684.webp\" width=\"1024\" height=\"684\" srcset=\"https:\/\/1dest.com\/wp-content\/uploads\/2025\/09\/white-dream-5.webp 1600w, https:\/\/1dest.com\/wp-content\/uploads\/2025\/09\/white-dream-5-300x200.webp 300w, https:\/\/1dest.com\/wp-content\/uploads\/2025\/09\/white-dream-5-1024x684.webp 1024w, https:\/\/1dest.com\/wp-content\/uploads\/2025\/09\/white-dream-5-768x513.webp 768w, https:\/\/1dest.com\/wp-content\/uploads\/2025\/09\/white-dream-5-1536x1025.webp 1536w, https:\/\/1dest.com\/wp-content\/uploads\/2025\/09\/white-dream-5-18x12.webp 18w\" sizes=\"auto, (max-width: 1600px) 100vw, 1600px\" loading=\"lazy\">\n          \n                  <\/figure>\n      <\/a>\n\n                \n      <a class=\"ee-gallery-item ee-gallery-item--image ee-gallery-item--single\" href=\"https:\/\/1dest.com\/wp-content\/uploads\/2025\/09\/white-dream-6.webp\"  data-sub-html=\"<span><\/span>\" data-category=\"1\"                  data-lg-size=\"1600-1068\"\n\n      >\n        <figure class=\"ee-gallery-item-figure\">\n                        <img decoding=\"async\" class=\"breakdance-image-object\" src=\"https:\/\/1dest.com\/wp-content\/uploads\/2025\/09\/white-dream-6-1024x684.webp\" width=\"1024\" height=\"684\" srcset=\"https:\/\/1dest.com\/wp-content\/uploads\/2025\/09\/white-dream-6.webp 1600w, https:\/\/1dest.com\/wp-content\/uploads\/2025\/09\/white-dream-6-300x200.webp 300w, https:\/\/1dest.com\/wp-content\/uploads\/2025\/09\/white-dream-6-1024x684.webp 1024w, https:\/\/1dest.com\/wp-content\/uploads\/2025\/09\/white-dream-6-768x513.webp 768w, https:\/\/1dest.com\/wp-content\/uploads\/2025\/09\/white-dream-6-1536x1025.webp 1536w, https:\/\/1dest.com\/wp-content\/uploads\/2025\/09\/white-dream-6-18x12.webp 18w\" sizes=\"auto, (max-width: 1600px) 100vw, 1600px\" loading=\"lazy\">\n          \n                  <\/figure>\n      <\/a>\n\n      \n  <\/div>\n\n\n\n<\/div><\/div>\n<\/section>","protected":false},"excerpt":{"rendered":"<p>White Dream Descrizione White Dream \u00e8 un accogliente appartamento situato nel cuore di Riva del Garda, una delle localit\u00e0 pi\u00f9 affascinanti del Lago di Garda. La sua posizione privilegiata vi permetter\u00e0 di vivere la citt\u00e0 e i suoi dintorni al massimo, godendo di tutto ci\u00f2 che Riva del Garda ha da offrire a pochi passi [&hellip;]<\/p>\n","protected":false},"author":2,"featured_media":0,"parent":0,"menu_order":0,"comment_status":"closed","ping_status":"closed","template":"","meta":{"_breakdance_hide_in_design_set":false,"_breakdance_tags":"","footnotes":""},"class_list":["post-2544","page","type-page","status-publish","hentry"],"_links":{"self":[{"href":"https:\/\/1dest.com\/fr\/wp-json\/wp\/v2\/pages\/2544","targetHints":{"allow":["GET"]}}],"collection":[{"href":"https:\/\/1dest.com\/fr\/wp-json\/wp\/v2\/pages"}],"about":[{"href":"https:\/\/1dest.com\/fr\/wp-json\/wp\/v2\/types\/page"}],"author":[{"embeddable":true,"href":"https:\/\/1dest.com\/fr\/wp-json\/wp\/v2\/users\/2"}],"replies":[{"embeddable":true,"href":"https:\/\/1dest.com\/fr\/wp-json\/wp\/v2\/comments?post=2544"}],"version-history":[{"count":10,"href":"https:\/\/1dest.com\/fr\/wp-json\/wp\/v2\/pages\/2544\/revisions"}],"predecessor-version":[{"id":2711,"href":"https:\/\/1dest.com\/fr\/wp-json\/wp\/v2\/pages\/2544\/revisions\/2711"}],"wp:attachment":[{"href":"https:\/\/1dest.com\/fr\/wp-json\/wp\/v2\/media?parent=2544"}],"curies":[{"name":"wp","href":"https:\/\/api.w.org\/{rel}","templated":true}]}}