{"id":2762,"date":"2026-03-17T08:49:27","date_gmt":"2026-03-17T08:49:27","guid":{"rendered":"https:\/\/1dest.com\/?page_id=2762"},"modified":"2026-03-17T08:56:37","modified_gmt":"2026-03-17T08:56:37","slug":"riva-amor-loft","status":"publish","type":"page","link":"https:\/\/1dest.com\/de\/riva-amor-loft\/","title":{"rendered":"Riva Amor Loft"},"content":{"rendered":"<section class=\"bde-section-2762-100 bde-section\">\n              \n  \n  \n\t\n\n  <div class=\"section-background-overlay\"><\/div>\n\n\n<div class=\"section-container\"><h1 class=\"bde-heading-2762-101 bde-heading\">\nRiva Amor Loft\n<\/h1><\/div>\n<\/section><section id=\"scroll\" class=\"bde-section-2762-102 bde-section\">\n  \n  \n\t\n\n\n\n<div class=\"section-container\"><div class=\"bde-columns-2762-103 bde-columns\"><div class=\"bde-column-2762-104 bde-column\">\n  \n  \n\t\n\n\n\n<div class=\"bde-text-2762-105 bde-text\">\n\n<\/div><h3 class=\"bde-heading-2762-106 bde-heading\">\nBeschreibung\n<\/h3><div class=\"bde-text-2762-107 bde-text\" data-entrance=\"fade\">\nRiva Amor Loft ist ein k\u00fcrzlich renoviertes Dachloft, das sich im Herzen des historischen Zentrums von Riva del Garda, in g\u00fcnstiger Lage zu allen Dienstleistungen, Restaurants und Gesch\u00e4ften befindet. Die Unterkunft befindet sich im obersten Stockwerk und zeichnet sich durch ihre sichtbaren Holzbalken und ihre warme und einladende Atmosph\u00e4re aus. Sie besteht aus einem hellen Schlafzimmer mit Doppelbett, das einfach und elegant eingerichtet ist, und einem Wohnzimmer mit einem bequemen Schlafsofa, das Platz f\u00fcr bis zu vier Personen bietet. Der Wohnbereich umfasst eine K\u00fcche mit Herdplatten, Backofen, K\u00fchlschrank und Esstisch. Das originelle und funktionale Badezimmer ist mit einer Badewanne mit Dusche ausgestattet. Fenster und Dachfenster sorgen f\u00fcr helle und luftige R\u00e4ume und bieten Ausblicke auf die D\u00e4cher und die umliegenden Berge. Eine perfekte L\u00f6sung f\u00fcr diejenigen, die das Zentrum zu Fu\u00df erkunden m\u00f6chten, nur wenige Schritte vom See und den wichtigsten Sehensw\u00fcrdigkeiten entfernt.<br><br>\n<\/div><h3 class=\"bde-heading-2762-108 bde-heading\">\nIn der Unterkunft enthaltene Leistungen\n<\/h3><div class=\"bde-icon-list-2762-109 bde-icon-list\">\n<ul>\n  \n              \n    <li>\n              <div class='bde-icon-list__item-wrapper'>\n      \n      <span class='bde-icon-list__icon'>\n        <svg xmlns=\"http:\/\/www.w3.org\/2000\/svg\" viewbox=\"0 0 640 512\"><!--! Font Awesome Free 6.5.1 by @fontawesome - https:\/\/fontawesome.com License - https:\/\/fontawesome.com\/license\/free (Icons: CC BY 4.0, Fonts: SIL OFL 1.1, Code: MIT License) Copyright 2023 Fonticons, Inc. --><path d=\"M54.2 202.9C123.2 136.7 216.8 96 320 96s196.8 40.7 265.8 106.9c12.8 12.2 33 11.8 45.2-.9s11.8-33-.9-45.2C549.7 79.5 440.4 32 320 32S90.3 79.5 9.8 156.7C-2.9 169-3.3 189.2 8.9 202s32.5 13.2 45.2 .9zM320 256c56.8 0 108.6 21.1 148.2 56c13.3 11.7 33.5 10.4 45.2-2.8s10.4-33.5-2.8-45.2C459.8 219.2 393 192 320 192s-139.8 27.2-190.5 72c-13.3 11.7-14.5 31.9-2.8 45.2s31.9 14.5 45.2 2.8c39.5-34.9 91.3-56 148.2-56zm64 160a64 64 0 1 0 -128 0 64 64 0 1 0 128 0z\"\/><\/svg>\n      <\/span>\n      <span class='bde-icon-list__text' >\n      Kostenloses Wi-Fi\n      <\/span>\n              <\/div>\n      \n    <\/li>\n\n  \n              \n    <li>\n              <div class='bde-icon-list__item-wrapper'>\n      \n      <span class='bde-icon-list__icon'>\n        <svg xmlns=\"http:\/\/www.w3.org\/2000\/svg\" viewbox=\"0 0 448 512\"><!--! Font Awesome Free 6.5.1 by @fontawesome - https:\/\/fontawesome.com License - https:\/\/fontawesome.com\/license\/free (Icons: CC BY 4.0, Fonts: SIL OFL 1.1, Code: MIT License) Copyright 2023 Fonticons, Inc. --><path d=\"M224 0c13.3 0 24 10.7 24 24V70.1l23-23c9.4-9.4 24.6-9.4 33.9 0s9.4 24.6 0 33.9l-57 57v76.5l66.2-38.2 20.9-77.8c3.4-12.8 16.6-20.4 29.4-17s20.4 16.6 17 29.4L373 142.2l37.1-21.4c11.5-6.6 26.2-2.7 32.8 8.8s2.7 26.2-8.8 32.8L397 183.8l31.5 8.4c12.8 3.4 20.4 16.6 17 29.4s-16.6 20.4-29.4 17l-77.8-20.9L272 256l66.2 38.2 77.8-20.9c12.8-3.4 26 4.2 29.4 17s-4.2 26-17 29.4L397 328.2l37.1 21.4c11.5 6.6 15.4 21.3 8.8 32.8s-21.3 15.4-32.8 8.8L373 369.8l8.4 31.5c3.4 12.8-4.2 26-17 29.4s-26-4.2-29.4-17l-20.9-77.8L248 297.6v76.5l57 57c9.4 9.4 9.4 24.6 0 33.9s-24.6 9.4-33.9 0l-23-23V488c0 13.3-10.7 24-24 24s-24-10.7-24-24V441.9l-23 23c-9.4 9.4-24.6 9.4-33.9 0s-9.4-24.6 0-33.9l57-57V297.6l-66.2 38.2-20.9 77.8c-3.4 12.8-16.6 20.4-29.4 17s-20.4-16.6-17-29.4L75 369.8 37.9 391.2c-11.5 6.6-26.2 2.7-32.8-8.8s-2.7-26.2 8.8-32.8L51 328.2l-31.5-8.4c-12.8-3.4-20.4-16.6-17-29.4s16.6-20.4 29.4-17l77.8 20.9L176 256l-66.2-38.2L31.9 238.6c-12.8 3.4-26-4.2-29.4-17s4.2-26 17-29.4L51 183.8 13.9 162.4c-11.5-6.6-15.4-21.3-8.8-32.8s21.3-15.4 32.8-8.8L75 142.2l-8.4-31.5c-3.4-12.8 4.2-26 17-29.4s26 4.2 29.4 17l20.9 77.8L200 214.4V137.9L143 81c-9.4-9.4-9.4-24.6 0-33.9s24.6-9.4 33.9 0l23 23V24c0-13.3 10.7-24 24-24z\"\/><\/svg>\n      <\/span>\n      <span class='bde-icon-list__text' >\n      Klimatisierung\n      <\/span>\n              <\/div>\n      \n    <\/li>\n\n  \n              \n    <li>\n              <div class='bde-icon-list__item-wrapper'>\n      \n      <span class='bde-icon-list__icon'>\n        <svg xmlns=\"http:\/\/www.w3.org\/2000\/svg\" id=\"icon-spoon-knife\" viewbox=\"0 0 32 32\">\n<path d=\"M7 0c-3.314 0-6 3.134-6 7 0 3.31 1.969 6.083 4.616 6.812l-0.993 16.191c-0.067 1.098 0.778 1.996 1.878 1.996h1c1.1 0 1.945-0.898 1.878-1.996l-0.993-16.191c2.646-0.729 4.616-3.502 4.616-6.812 0-3.866-2.686-7-6-7zM27.167 0l-1.667 10h-1.25l-0.833-10h-0.833l-0.833 10h-1.25l-1.667-10h-0.833v13c0 0.552 0.448 1 1 1h2.604l-0.982 16.004c-0.067 1.098 0.778 1.996 1.878 1.996h1c1.1 0 1.945-0.898 1.878-1.996l-0.982-16.004h2.604c0.552 0 1-0.448 1-1v-13h-0.833z\"\/>\n<\/svg>\n      <\/span>\n      <span class='bde-icon-list__text' >\n      Ausgestattete K\u00fcche\n      <\/span>\n              <\/div>\n      \n    <\/li>\n\n  \n              \n    <li>\n              <div class='bde-icon-list__item-wrapper'>\n      \n      <span class='bde-icon-list__icon'>\n        <svg xmlns=\"http:\/\/www.w3.org\/2000\/svg\" viewbox=\"0 0 24 24\"><path d=\"M14.83,11.17C16.39,12.73 16.39,15.27 14.83,16.83C13.27,18.39 10.73,18.39 9.17,16.83L14.83,11.17M6,2H18A2,2 0 0,1 20,4V20A2,2 0 0,1 18,22H6A2,2 0 0,1 4,20V4A2,2 0 0,1 6,2M7,4A1,1 0 0,0 6,5A1,1 0 0,0 7,6A1,1 0 0,0 8,5A1,1 0 0,0 7,4M10,4A1,1 0 0,0 9,5A1,1 0 0,0 10,6A1,1 0 0,0 11,5A1,1 0 0,0 10,4M12,8A6,6 0 0,0 6,14A6,6 0 0,0 12,20A6,6 0 0,0 18,14A6,6 0 0,0 12,8Z\"\/><\/svg>\n      <\/span>\n      <span class='bde-icon-list__text' >\n      Waschmaschine\n      <\/span>\n              <\/div>\n      \n    <\/li>\n\n  \n              \n    <li>\n              <div class='bde-icon-list__item-wrapper'>\n      \n      <span class='bde-icon-list__icon'>\n        <svg xmlns=\"http:\/\/www.w3.org\/2000\/svg\" viewbox=\"0 0 640 512\"><!--! Font Awesome Free 6.5.1 by @fontawesome - https:\/\/fontawesome.com License - https:\/\/fontawesome.com\/license\/free (Icons: CC BY 4.0, Fonts: SIL OFL 1.1, Code: MIT License) Copyright 2023 Fonticons, Inc. --><path d=\"M32 32c17.7 0 32 14.3 32 32V320H288V160c0-17.7 14.3-32 32-32H544c53 0 96 43 96 96V448c0 17.7-14.3 32-32 32s-32-14.3-32-32V416H352 320 64v32c0 17.7-14.3 32-32 32s-32-14.3-32-32V64C0 46.3 14.3 32 32 32zm144 96a80 80 0 1 1 0 160 80 80 0 1 1 0-160z\"\/><\/svg>\n      <\/span>\n      <span class='bde-icon-list__text' >\n       W\u00e4sche und Toilettenartikel\n      <\/span>\n              <\/div>\n      \n    <\/li>\n\n  <\/ul>\n\n<\/div><h3 class=\"bde-heading-2762-110 bde-heading\">\nRegeln f\u00fcr die Unterbringung\n<\/h3><div class=\"bde-icon-list-2762-111 bde-icon-list\">\n<ul>\n  \n              \n    <li>\n              <div class='bde-icon-list__item-wrapper'>\n      \n      <span class='bde-icon-list__icon'>\n        <svg xmlns=\"http:\/\/www.w3.org\/2000\/svg\" viewbox=\"0 0 512 512\"><!--! Font Awesome Free 6.5.1 by @fontawesome - https:\/\/fontawesome.com License - https:\/\/fontawesome.com\/license\/free (Icons: CC BY 4.0, Fonts: SIL OFL 1.1, Code: MIT License) Copyright 2023 Fonticons, Inc. --><path d=\"M464 256A208 208 0 1 1 48 256a208 208 0 1 1 416 0zM0 256a256 256 0 1 0 512 0A256 256 0 1 0 0 256zM232 120V256c0 8 4 15.5 10.7 20l96 64c11 7.4 25.9 4.4 33.3-6.7s4.4-25.9-6.7-33.3L280 243.2V120c0-13.3-10.7-24-24-24s-24 10.7-24 24z\"\/><\/svg>\n      <\/span>\n      <span class='bde-icon-list__text' >\n      Einchecken nach 16.00 Uhr, Auschecken bis 10.00 Uhr.\n      <\/span>\n              <\/div>\n      \n    <\/li>\n\n  \n              \n    <li>\n              <div class='bde-icon-list__item-wrapper'>\n      \n      <span class='bde-icon-list__icon'>\n        <svg xmlns=\"http:\/\/www.w3.org\/2000\/svg\" viewbox=\"0 0 576 512\"><!--! Font Awesome Free 6.5.1 by @fontawesome - https:\/\/fontawesome.com License - https:\/\/fontawesome.com\/license\/free (Icons: CC BY 4.0, Fonts: SIL OFL 1.1, Code: MIT License) Copyright 2023 Fonticons, Inc. --><path d=\"M309.6 158.5L332.7 19.8C334.6 8.4 344.5 0 356.1 0c7.5 0 14.5 3.5 19 9.5L392 32h52.1c12.7 0 24.9 5.1 33.9 14.1L496 64h56c13.3 0 24 10.7 24 24v24c0 44.2-35.8 80-80 80H464 448 426.7l-5.1 30.5-112-64zM416 256.1L416 480c0 17.7-14.3 32-32 32H352c-17.7 0-32-14.3-32-32V364.8c-24 12.3-51.2 19.2-80 19.2s-56-6.9-80-19.2V480c0 17.7-14.3 32-32 32H96c-17.7 0-32-14.3-32-32V249.8c-28.8-10.9-51.4-35.3-59.2-66.5L1 167.8c-4.3-17.1 6.1-34.5 23.3-38.8s34.5 6.1 38.8 23.3l3.9 15.5C70.5 182 83.3 192 98 192h30 16H303.8L416 256.1zM464 80a16 16 0 1 0 -32 0 16 16 0 1 0 32 0z\"\/><\/svg>\n      <\/span>\n      <span class='bde-icon-list__text' >\n      Haustiere erlaubt (Aufpreis m\u00f6glich)\n      <\/span>\n              <\/div>\n      \n    <\/li>\n\n  \n              \n    <li>\n              <div class='bde-icon-list__item-wrapper'>\n      \n      <span class='bde-icon-list__icon'>\n        <svg xmlns=\"http:\/\/www.w3.org\/2000\/svg\" viewbox=\"0 0 512 512\"><!--! Font Awesome Free 6.5.1 by @fontawesome - https:\/\/fontawesome.com License - https:\/\/fontawesome.com\/license\/free (Icons: CC BY 4.0, Fonts: SIL OFL 1.1, Code: MIT License) Copyright 2023 Fonticons, Inc. --><path d=\"M99.5 144.8L178.7 224l96 96 92.5 92.5C335.9 434.9 297.5 448 256 448C150 448 64 362 64 256c0-41.5 13.1-79.9 35.5-111.2zM333.3 288l-32-32H384v32H333.3zm32 32H400c8.8 0 16-7.2 16-16V240c0-8.8-7.2-16-16-16H269.3L144.8 99.5C176.1 77.1 214.5 64 256 64c106 0 192 86 192 192c0 41.5-13.1 79.9-35.5 111.2L365.3 320zM256 512A256 256 0 1 0 256 0a256 256 0 1 0 0 512zM272 96c-8.8 0-16 7.2-16 16c0 26.5 21.5 48 48 48h32c8.8 0 16 7.2 16 16s7.2 16 16 16s16-7.2 16-16c0-26.5-21.5-48-48-48H304c-8.8 0-16-7.2-16-16s-7.2-16-16-16zM229.5 320l-96-96H112c-8.8 0-16 7.2-16 16v64c0 8.8 7.2 16 16 16H229.5z\"\/><\/svg>\n      <\/span>\n      <span class='bde-icon-list__text' >\n      Nicht-Raucher-Unterkunft\n      <\/span>\n              <\/div>\n      \n    <\/li>\n\n  <\/ul>\n\n<\/div><div class=\"bde-google-map-2762-112 bde-google-map\">\r\n<iframe width=\"100%\" height=\"100%\" style=\"border:0\" loading=\"lazy\" title=\"Karte\" src=\"https:\/\/maps.google.com\/maps?q=Viale+Roma%2C+5%2C+Riva+del+Garda%2C+IT&t=m&z=13&output=embed&iwloc=near\" allowfullscreen><\/iframe>\n<\/div>\n<\/div><div class=\"bde-column-2762-113 bde-column\">\n  \n  \n\t\n\n\n\n<div class=\"bde-div-2762-114 bde-div\">\n  \n  \n\t\n\n\n\n<div class=\"bde-div-2762-115 bde-div\">\n  \n  \n\t\n\n\n\n<h3 class=\"bde-heading-2762-116 bde-heading\">\nDiese Wohnung buchen\n<\/h3><div class=\"bde-text-2762-117 bde-text\">\nW\u00e4hlen Sie ein Datum, pr\u00fcfen Sie die Verf\u00fcgbarkeit und buchen Sie Ihren Aufenthalt.\n<\/div><div class=\"bde-icon-list-2762-118 bde-icon-list\">\n<ul>\n  \n              \n    <li>\n              <div class='bde-icon-list__item-wrapper'>\n      \n      <span class='bde-icon-list__icon'>\n        <svg xmlns=\"http:\/\/www.w3.org\/2000\/svg\" viewbox=\"0 0 384 512\"><!--! Font Awesome Free 6.5.1 by @fontawesome - https:\/\/fontawesome.com License - https:\/\/fontawesome.com\/license\/free (Icons: CC BY 4.0, Fonts: SIL OFL 1.1, Code: MIT License) Copyright 2023 Fonticons, Inc. --><path d=\"M384 192c0 87.4-117 243-168.3 307.2c-12.3 15.3-35.1 15.3-47.4 0C117 435 0 279.4 0 192C0 86 86 0 192 0S384 86 384 192z\"\/><\/svg>\n      <\/span>\n      <span class='bde-icon-list__text' >\n      Viale Roma, 5, Riva del Garda\n      <\/span>\n              <\/div>\n      \n    <\/li>\n\n  \n              \n    <li>\n              <div class='bde-icon-list__item-wrapper'>\n      \n      <span class='bde-icon-list__icon'>\n        <svg xmlns=\"http:\/\/www.w3.org\/2000\/svg\" viewbox=\"0 0 512 512\"><!--! Font Awesome Free 6.5.1 by @fontawesome - https:\/\/fontawesome.com License - https:\/\/fontawesome.com\/license\/free (Icons: CC BY 4.0, Fonts: SIL OFL 1.1, Code: MIT License) Copyright 2023 Fonticons, Inc. --><path d=\"M406.6 374.6l96-96c12.5-12.5 12.5-32.8 0-45.3l-96-96c-12.5-12.5-32.8-12.5-45.3 0s-12.5 32.8 0 45.3L402.7 224l-293.5 0 41.4-41.4c12.5-12.5 12.5-32.8 0-45.3s-32.8-12.5-45.3 0l-96 96c-12.5 12.5-12.5 32.8 0 45.3l96 96c12.5 12.5 32.8 12.5 45.3 0s12.5-32.8 0-45.3L109.3 288l293.5 0-41.4 41.4c-12.5 12.5-12.5 32.8 0 45.3s32.8 12.5 45.3 0z\"\/><\/svg>\n      <\/span>\n      <span class='bde-icon-list__text' >\n      Fl\u00e4che 80 m\u00b2\n      <\/span>\n              <\/div>\n      \n    <\/li>\n\n  \n              \n    <li>\n              <div class='bde-icon-list__item-wrapper'>\n      \n      <span class='bde-icon-list__icon'>\n        <svg xmlns=\"http:\/\/www.w3.org\/2000\/svg\" width=\"11\" height=\"12\" viewbox=\"0 0 11 12\" fill=\"none\">\r\n<path d=\"M9.59 11C9.59 9.065 7.665 7.5 5.295 7.5C2.925 7.5 1 9.065 1 11M5.295 6C5.95804 6 6.59393 5.73661 7.06277 5.26777C7.53161 4.79893 7.795 4.16304 7.795 3.5C7.795 2.83696 7.53161 2.20107 7.06277 1.73223C6.59393 1.26339 5.95804 1 5.295 1C4.63196 1 3.99607 1.26339 3.52723 1.73223C3.05839 2.20107 2.795 2.83696 2.795 3.5C2.795 4.16304 3.05839 4.79893 3.52723 5.26777C3.99607 5.73661 4.63196 6 5.295 6Z\" stroke=\"#8DA1A6\" stroke-linecap=\"round\" stroke-linejoin=\"round\"\/>\r\n<\/svg>\n      <\/span>\n      <span class='bde-icon-list__text' >\n      Maximal 4 G\u00e4ste\n      <\/span>\n              <\/div>\n      \n    <\/li>\n\n  \n              \n    <li>\n              <div class='bde-icon-list__item-wrapper'>\n      \n      <span class='bde-icon-list__icon'>\n        <svg xmlns=\"http:\/\/www.w3.org\/2000\/svg\" viewbox=\"0 0 640 512\"><!--! Font Awesome Free 6.5.1 by @fontawesome - https:\/\/fontawesome.com License - https:\/\/fontawesome.com\/license\/free (Icons: CC BY 4.0, Fonts: SIL OFL 1.1, Code: MIT License) Copyright 2023 Fonticons, Inc. --><path d=\"M32 32c17.7 0 32 14.3 32 32V320H288V160c0-17.7 14.3-32 32-32H544c53 0 96 43 96 96V448c0 17.7-14.3 32-32 32s-32-14.3-32-32V416H352 320 64v32c0 17.7-14.3 32-32 32s-32-14.3-32-32V64C0 46.3 14.3 32 32 32zm144 96a80 80 0 1 1 0 160 80 80 0 1 1 0-160z\"\/><\/svg>\n      <\/span>\n      <span class='bde-icon-list__text' >\n      1 Zimmer\n      <\/span>\n              <\/div>\n      \n    <\/li>\n\n  <\/ul>\n\n<\/div><div class=\"bde-button-2762-119 bde-button\">\n    \n                        \n                        \n    \n    \n    \n    \n            \n                    \n            \n            \n\n    \n    \n    \n    \n    \n    <a class=\"breakdance-link button-atom button-atom--primary bde-button__button\" href=\"https:\/\/booking.1dest.com\/de\/properties\/riva-del-garda-amor-loft\" target=\"_blank\" data-type=\"url\"  >\n\n    \n        <span class=\"button-atom__text\">JETZT BUCHEN<\/span>\n\n        \n        \n                <\/a>\n\n    \n\n\n<\/div><div class=\"bde-icon-list-2762-120 bde-icon-list\">\n<ul>\n  \n              \n    <li>\n              <div class='bde-icon-list__item-wrapper'>\n      \n      <span class='bde-icon-list__icon'>\n        <svg xmlns=\"http:\/\/www.w3.org\/2000\/svg\" viewbox=\"0 0 448 512\"><!--! Font Awesome Free 6.5.1 by @fontawesome - https:\/\/fontawesome.com License - https:\/\/fontawesome.com\/license\/free (Icons: CC BY 4.0, Fonts: SIL OFL 1.1, Code: MIT License) Copyright 2023 Fonticons, Inc. --><path d=\"M438.6 105.4c12.5 12.5 12.5 32.8 0 45.3l-256 256c-12.5 12.5-32.8 12.5-45.3 0l-128-128c-12.5-12.5-12.5-32.8 0-45.3s32.8-12.5 45.3 0L160 338.7 393.4 105.4c12.5-12.5 32.8-12.5 45.3 0z\"\/><\/svg>\n      <\/span>\n      <span class='bde-icon-list__text' >\n      Bester garantierter Satz\n      <\/span>\n              <\/div>\n      \n    <\/li>\n\n  <\/ul>\n\n<\/div>\n<\/div>\n<\/div>\n<\/div><\/div><\/div>\n<\/section><section class=\"bde-section-2762-121 bde-section\">\n  \n  \n\t\n\n\n\n<div class=\"section-container\"><div class=\"bde-gallery-2762-122 bde-gallery\">\n\n\n  \n\n\n\n\n\n\n\n\n\n\n<div class=\"ee-gallery ee-gallery--default ee-gallery--grid ee-gallery--single ee-gallery--lightbox ee-gallery-- ee-gallery--caption- ee-gallery--caption-none ee-gallery--ratio\">\n                  \n      <a class=\"ee-gallery-item ee-gallery-item--image ee-gallery-item--single\" href=\"https:\/\/1dest.com\/wp-content\/uploads\/2026\/03\/Riva-Amor-Loft.webp\"  data-sub-html=\"<span><\/span>\" data-category=\"1\"                  data-lg-size=\"1920-1440\"\n\n      >\n        <figure class=\"ee-gallery-item-figure\">\n                        <img decoding=\"async\" class=\"breakdance-image-object\" src=\"https:\/\/1dest.com\/wp-content\/uploads\/2026\/03\/Riva-Amor-Loft-1024x768.webp\" width=\"1024\" height=\"768\" srcset=\"https:\/\/1dest.com\/wp-content\/uploads\/2026\/03\/Riva-Amor-Loft.webp 1920w, https:\/\/1dest.com\/wp-content\/uploads\/2026\/03\/Riva-Amor-Loft-300x225.webp 300w, https:\/\/1dest.com\/wp-content\/uploads\/2026\/03\/Riva-Amor-Loft-1024x768.webp 1024w, https:\/\/1dest.com\/wp-content\/uploads\/2026\/03\/Riva-Amor-Loft-768x576.webp 768w, https:\/\/1dest.com\/wp-content\/uploads\/2026\/03\/Riva-Amor-Loft-1536x1152.webp 1536w, https:\/\/1dest.com\/wp-content\/uploads\/2026\/03\/Riva-Amor-Loft-16x12.webp 16w\" sizes=\"auto, (max-width: 1920px) 100vw, 1920px\" loading=\"lazy\">\n          \n                  <\/figure>\n      <\/a>\n\n                \n      <a class=\"ee-gallery-item ee-gallery-item--image ee-gallery-item--single\" href=\"https:\/\/1dest.com\/wp-content\/uploads\/2026\/03\/Riva-Amor-Loft-1.webp\"  data-sub-html=\"<span><\/span>\" data-category=\"1\"                  data-lg-size=\"1920-1440\"\n\n      >\n        <figure class=\"ee-gallery-item-figure\">\n                        <img decoding=\"async\" class=\"breakdance-image-object\" src=\"https:\/\/1dest.com\/wp-content\/uploads\/2026\/03\/Riva-Amor-Loft-1-1024x768.webp\" width=\"1024\" height=\"768\" srcset=\"https:\/\/1dest.com\/wp-content\/uploads\/2026\/03\/Riva-Amor-Loft-1.webp 1920w, https:\/\/1dest.com\/wp-content\/uploads\/2026\/03\/Riva-Amor-Loft-1-300x225.webp 300w, https:\/\/1dest.com\/wp-content\/uploads\/2026\/03\/Riva-Amor-Loft-1-1024x768.webp 1024w, https:\/\/1dest.com\/wp-content\/uploads\/2026\/03\/Riva-Amor-Loft-1-768x576.webp 768w, https:\/\/1dest.com\/wp-content\/uploads\/2026\/03\/Riva-Amor-Loft-1-1536x1152.webp 1536w, https:\/\/1dest.com\/wp-content\/uploads\/2026\/03\/Riva-Amor-Loft-1-16x12.webp 16w\" sizes=\"auto, (max-width: 1920px) 100vw, 1920px\" loading=\"lazy\">\n          \n                  <\/figure>\n      <\/a>\n\n                \n      <a class=\"ee-gallery-item ee-gallery-item--image ee-gallery-item--single\" href=\"https:\/\/1dest.com\/wp-content\/uploads\/2026\/03\/Riva-Amor-Loft-2.webp\"  data-sub-html=\"<span><\/span>\" data-category=\"1\"                  data-lg-size=\"1920-1440\"\n\n      >\n        <figure class=\"ee-gallery-item-figure\">\n                        <img decoding=\"async\" class=\"breakdance-image-object\" src=\"https:\/\/1dest.com\/wp-content\/uploads\/2026\/03\/Riva-Amor-Loft-2-1024x768.webp\" width=\"1024\" height=\"768\" srcset=\"https:\/\/1dest.com\/wp-content\/uploads\/2026\/03\/Riva-Amor-Loft-2.webp 1920w, https:\/\/1dest.com\/wp-content\/uploads\/2026\/03\/Riva-Amor-Loft-2-300x225.webp 300w, https:\/\/1dest.com\/wp-content\/uploads\/2026\/03\/Riva-Amor-Loft-2-1024x768.webp 1024w, https:\/\/1dest.com\/wp-content\/uploads\/2026\/03\/Riva-Amor-Loft-2-768x576.webp 768w, https:\/\/1dest.com\/wp-content\/uploads\/2026\/03\/Riva-Amor-Loft-2-1536x1152.webp 1536w, https:\/\/1dest.com\/wp-content\/uploads\/2026\/03\/Riva-Amor-Loft-2-16x12.webp 16w\" sizes=\"auto, (max-width: 1920px) 100vw, 1920px\" loading=\"lazy\">\n          \n                  <\/figure>\n      <\/a>\n\n                \n      <a class=\"ee-gallery-item ee-gallery-item--image ee-gallery-item--single\" href=\"https:\/\/1dest.com\/wp-content\/uploads\/2026\/03\/Riva-Amor-Loft-3.webp\"  data-sub-html=\"<span><\/span>\" data-category=\"1\"                  data-lg-size=\"1920-1440\"\n\n      >\n        <figure class=\"ee-gallery-item-figure\">\n                        <img decoding=\"async\" class=\"breakdance-image-object\" src=\"https:\/\/1dest.com\/wp-content\/uploads\/2026\/03\/Riva-Amor-Loft-3-1024x768.webp\" width=\"1024\" height=\"768\" srcset=\"https:\/\/1dest.com\/wp-content\/uploads\/2026\/03\/Riva-Amor-Loft-3.webp 1920w, https:\/\/1dest.com\/wp-content\/uploads\/2026\/03\/Riva-Amor-Loft-3-300x225.webp 300w, https:\/\/1dest.com\/wp-content\/uploads\/2026\/03\/Riva-Amor-Loft-3-1024x768.webp 1024w, https:\/\/1dest.com\/wp-content\/uploads\/2026\/03\/Riva-Amor-Loft-3-768x576.webp 768w, https:\/\/1dest.com\/wp-content\/uploads\/2026\/03\/Riva-Amor-Loft-3-1536x1152.webp 1536w, https:\/\/1dest.com\/wp-content\/uploads\/2026\/03\/Riva-Amor-Loft-3-16x12.webp 16w\" sizes=\"auto, (max-width: 1920px) 100vw, 1920px\" loading=\"lazy\">\n          \n                  <\/figure>\n      <\/a>\n\n                \n      <a class=\"ee-gallery-item ee-gallery-item--image ee-gallery-item--single\" href=\"https:\/\/1dest.com\/wp-content\/uploads\/2026\/03\/Riva-Amor-Loft-4.webp\"  data-sub-html=\"<span><\/span>\" data-category=\"1\"                  data-lg-size=\"1920-1440\"\n\n      >\n        <figure class=\"ee-gallery-item-figure\">\n                        <img decoding=\"async\" class=\"breakdance-image-object\" src=\"https:\/\/1dest.com\/wp-content\/uploads\/2026\/03\/Riva-Amor-Loft-4-1024x768.webp\" width=\"1024\" height=\"768\" srcset=\"https:\/\/1dest.com\/wp-content\/uploads\/2026\/03\/Riva-Amor-Loft-4.webp 1920w, https:\/\/1dest.com\/wp-content\/uploads\/2026\/03\/Riva-Amor-Loft-4-300x225.webp 300w, https:\/\/1dest.com\/wp-content\/uploads\/2026\/03\/Riva-Amor-Loft-4-1024x768.webp 1024w, https:\/\/1dest.com\/wp-content\/uploads\/2026\/03\/Riva-Amor-Loft-4-768x576.webp 768w, https:\/\/1dest.com\/wp-content\/uploads\/2026\/03\/Riva-Amor-Loft-4-1536x1152.webp 1536w, https:\/\/1dest.com\/wp-content\/uploads\/2026\/03\/Riva-Amor-Loft-4-16x12.webp 16w\" sizes=\"auto, (max-width: 1920px) 100vw, 1920px\" loading=\"lazy\">\n          \n                  <\/figure>\n      <\/a>\n\n                \n      <a class=\"ee-gallery-item ee-gallery-item--image ee-gallery-item--single\" href=\"https:\/\/1dest.com\/wp-content\/uploads\/2026\/03\/Riva-Amor-Loft-5.webp\"  data-sub-html=\"<span><\/span>\" data-category=\"1\"                  data-lg-size=\"1920-1440\"\n\n      >\n        <figure class=\"ee-gallery-item-figure\">\n                        <img decoding=\"async\" class=\"breakdance-image-object\" src=\"https:\/\/1dest.com\/wp-content\/uploads\/2026\/03\/Riva-Amor-Loft-5-1024x768.webp\" width=\"1024\" height=\"768\" srcset=\"https:\/\/1dest.com\/wp-content\/uploads\/2026\/03\/Riva-Amor-Loft-5.webp 1920w, https:\/\/1dest.com\/wp-content\/uploads\/2026\/03\/Riva-Amor-Loft-5-300x225.webp 300w, https:\/\/1dest.com\/wp-content\/uploads\/2026\/03\/Riva-Amor-Loft-5-1024x768.webp 1024w, https:\/\/1dest.com\/wp-content\/uploads\/2026\/03\/Riva-Amor-Loft-5-768x576.webp 768w, https:\/\/1dest.com\/wp-content\/uploads\/2026\/03\/Riva-Amor-Loft-5-1536x1152.webp 1536w, https:\/\/1dest.com\/wp-content\/uploads\/2026\/03\/Riva-Amor-Loft-5-16x12.webp 16w\" sizes=\"auto, (max-width: 1920px) 100vw, 1920px\" loading=\"lazy\">\n          \n                  <\/figure>\n      <\/a>\n\n      \n  <\/div>\n\n\n\n<\/div><\/div>\n<\/section>","protected":false},"excerpt":{"rendered":"<p>Riva Amor Loft Descrizione Riva Amor Loft \u00e8 un appartamento mansardato recentemente ristrutturato, situato nel cuore del centro storico di Riva del Garda, in posizione comoda a tutti i servizi, ristoranti e negozi. L\u2019alloggio si trova all\u2019ultimo piano e si distingue per le travi in legno a vista e l\u2019atmosfera calda e accogliente. \u00c8 composto [&hellip;]<\/p>\n","protected":false},"author":2,"featured_media":0,"parent":0,"menu_order":0,"comment_status":"closed","ping_status":"closed","template":"","meta":{"_breakdance_hide_in_design_set":false,"_breakdance_tags":"","footnotes":""},"class_list":["post-2762","page","type-page","status-publish","hentry"],"_links":{"self":[{"href":"https:\/\/1dest.com\/de\/wp-json\/wp\/v2\/pages\/2762","targetHints":{"allow":["GET"]}}],"collection":[{"href":"https:\/\/1dest.com\/de\/wp-json\/wp\/v2\/pages"}],"about":[{"href":"https:\/\/1dest.com\/de\/wp-json\/wp\/v2\/types\/page"}],"author":[{"embeddable":true,"href":"https:\/\/1dest.com\/de\/wp-json\/wp\/v2\/users\/2"}],"replies":[{"embeddable":true,"href":"https:\/\/1dest.com\/de\/wp-json\/wp\/v2\/comments?post=2762"}],"version-history":[{"count":5,"href":"https:\/\/1dest.com\/de\/wp-json\/wp\/v2\/pages\/2762\/revisions"}],"predecessor-version":[{"id":2785,"href":"https:\/\/1dest.com\/de\/wp-json\/wp\/v2\/pages\/2762\/revisions\/2785"}],"wp:attachment":[{"href":"https:\/\/1dest.com\/de\/wp-json\/wp\/v2\/media?parent=2762"}],"curies":[{"name":"wp","href":"https:\/\/api.w.org\/{rel}","templated":true}]}}