{"id":1549,"date":"2025-09-15T08:42:42","date_gmt":"2025-09-15T08:42:42","guid":{"rendered":"https:\/\/1dest.com\/?page_id=1549"},"modified":"2025-09-29T14:54:40","modified_gmt":"2025-09-29T14:54:40","slug":"ihr-haus-mieten","status":"publish","type":"page","link":"https:\/\/1dest.com\/de\/affitta-la-tua-casa\/","title":{"rendered":"Mieten Sie Ihr Haus"},"content":{"rendered":"<section class=\"bde-section-1549-100 bde-section\">\n  \n  \n\t\n\n\n\n<div class=\"section-container\"><div class=\"bde-columns-1549-101 bde-columns\"><div class=\"bde-column-1549-102 bde-column\" data-parallax=\"true\">\n              \n  \n  \n\t\n\n  <div class=\"section-background-overlay\"><\/div>\n\n\n<h1 class=\"bde-heading-1549-103 bde-heading\" data-parallax=\"true\">\nAffitta la tua casa\n<\/h1><div class=\"bde-text-1549-104 bde-text\">\nSei un proprietario di uno o pi\u00f9 appartamenti e vorresti affittare senza pensieri? Scopri di pi\u00f9 sulla nostra attivit\u00e0 di gestione e sulla nostra offerta vuoto per pieno!<br>\n<\/div>\n<\/div><\/div><\/div>\n<\/section><section id=\"scroll\" class=\"bde-section-1549-128 bde-section\">\n  \n  \n\t\n\n\n\n<div class=\"section-container\"><div class=\"bde-columns-1549-129 bde-columns\"><div class=\"bde-column-1549-130 bde-column\">\n  \n  \n\t\n\n\n\n<div class=\"bde-text-1549-131 bde-text\">\n\n<\/div><h2 class=\"bde-heading-1549-109 bde-heading\">\nSiamo 1Dest\n<\/h2><div class=\"bde-text-1549-110 bde-text\">\nGestiamo il tuo immobile nel mercato degli affitti turistici, come se fosse nostro.\n<\/div><div class=\"bde-text-1549-112 bde-text\">\nVogliamo offrire ai nostri ospiti un'esperienza di soggiorno indimenticabile, combinando la comodit\u00e0 e la convenienza degli hotel con la privacy e l'indipendenza degli appartamenti. Siamo orgogliosi di fornire un servizio clienti attivo 7 giorni su 7, un check-in e check-out senza tempi d'attesa, cucine complete e una pulizia curata dal nostro staff interno. Arrediamo gli appartamenti in modo da garantire il massimo comfort e la massima vivibilit\u00e0.<br><br>La nostra missione \u00e8 quella di rendere accessibili esperienze straordinarie a tutti, eliminando le inefficienze man mano che cresciamo.\n<\/div><img decoding=\"async\" class=\"bde-image2-1549-134 bde-image2\" src=\"https:\/\/1dest.com\/wp-content\/uploads\/2025\/09\/King-Of-The-Lake-17.webp\" loading=\"lazy\" srcset=\"https:\/\/1dest.com\/wp-content\/uploads\/2025\/09\/King-Of-The-Lake-17.webp 1920w, https:\/\/1dest.com\/wp-content\/uploads\/2025\/09\/King-Of-The-Lake-17-300x225.webp 300w, https:\/\/1dest.com\/wp-content\/uploads\/2025\/09\/King-Of-The-Lake-17-1024x768.webp 1024w, https:\/\/1dest.com\/wp-content\/uploads\/2025\/09\/King-Of-The-Lake-17-768x576.webp 768w, https:\/\/1dest.com\/wp-content\/uploads\/2025\/09\/King-Of-The-Lake-17-1536x1152.webp 1536w, https:\/\/1dest.com\/wp-content\/uploads\/2025\/09\/King-Of-The-Lake-17-16x12.webp 16w\" sizes=\"(max-width: 1920px) 100vw, 1920px\">\n<\/div><div class=\"bde-column-1549-135 bde-column\">\n  \n  \n\t\n\n\n\n<img decoding=\"async\" class=\"bde-image2-1549-136 bde-image2\" src=\"https:\/\/1dest.com\/wp-content\/uploads\/2025\/09\/Central-Lakeside-Delight-4.webp\" loading=\"lazy\" srcset=\"https:\/\/1dest.com\/wp-content\/uploads\/2025\/09\/Central-Lakeside-Delight-4.webp 1920w, https:\/\/1dest.com\/wp-content\/uploads\/2025\/09\/Central-Lakeside-Delight-4-300x225.webp 300w, https:\/\/1dest.com\/wp-content\/uploads\/2025\/09\/Central-Lakeside-Delight-4-1024x768.webp 1024w, https:\/\/1dest.com\/wp-content\/uploads\/2025\/09\/Central-Lakeside-Delight-4-768x576.webp 768w, https:\/\/1dest.com\/wp-content\/uploads\/2025\/09\/Central-Lakeside-Delight-4-1536x1152.webp 1536w, https:\/\/1dest.com\/wp-content\/uploads\/2025\/09\/Central-Lakeside-Delight-4-16x12.webp 16w\" sizes=\"(max-width: 1920px) 100vw, 1920px\"><h2 class=\"bde-heading-1549-117 bde-heading\">\nCosa garantiamo?\n<\/h2><div class=\"bde-icon-list-1549-111 bde-icon-list\">\n<ul>\n  \n              \n    <li>\n              <div class='bde-icon-list__item-wrapper'>\n      \n      <span class='bde-icon-list__icon'>\n        <svg xmlns=\"http:\/\/www.w3.org\/2000\/svg\" viewBox=\"0 0 512 512\"><!--! Font Awesome Free 6.5.1 by @fontawesome - https:\/\/fontawesome.com License - https:\/\/fontawesome.com\/license\/free (Icons: CC BY 4.0, Fonts: SIL OFL 1.1, Code: MIT License) Copyright 2023 Fonticons, Inc. --><path d=\"M512 80c0 18-14.3 34.6-38.4 48c-29.1 16.1-72.5 27.5-122.3 30.9c-3.7-1.8-7.4-3.5-11.3-5C300.6 137.4 248.2 128 192 128c-8.3 0-16.4 .2-24.5 .6l-1.1-.6C142.3 114.6 128 98 128 80c0-44.2 86-80 192-80S512 35.8 512 80zM160.7 161.1c10.2-.7 20.7-1.1 31.3-1.1c62.2 0 117.4 12.3 152.5 31.4C369.3 204.9 384 221.7 384 240c0 4-.7 7.9-2.1 11.7c-4.6 13.2-17 25.3-35 35.5c0 0 0 0 0 0c-.1 .1-.3 .1-.4 .2l0 0 0 0c-.3 .2-.6 .3-.9 .5c-35 19.4-90.8 32-153.6 32c-59.6 0-112.9-11.3-148.2-29.1c-1.9-.9-3.7-1.9-5.5-2.9C14.3 274.6 0 258 0 240c0-34.8 53.4-64.5 128-75.4c10.5-1.5 21.4-2.7 32.7-3.5zM416 240c0-21.9-10.6-39.9-24.1-53.4c28.3-4.4 54.2-11.4 76.2-20.5c16.3-6.8 31.5-15.2 43.9-25.5V176c0 19.3-16.5 37.1-43.8 50.9c-14.6 7.4-32.4 13.7-52.4 18.5c.1-1.8 .2-3.5 .2-5.3zm-32 96c0 18-14.3 34.6-38.4 48c-1.8 1-3.6 1.9-5.5 2.9C304.9 404.7 251.6 416 192 416c-62.8 0-118.6-12.6-153.6-32C14.3 370.6 0 354 0 336V300.6c12.5 10.3 27.6 18.7 43.9 25.5C83.4 342.6 135.8 352 192 352s108.6-9.4 148.1-25.9c7.8-3.2 15.3-6.9 22.4-10.9c6.1-3.4 11.8-7.2 17.2-11.2c1.5-1.1 2.9-2.3 4.3-3.4V304v5.7V336zm32 0V304 278.1c19-4.2 36.5-9.5 52.1-16c16.3-6.8 31.5-15.2 43.9-25.5V272c0 10.5-5 21-14.9 30.9c-16.3 16.3-45 29.7-81.3 38.4c.1-1.7 .2-3.5 .2-5.3zM192 448c56.2 0 108.6-9.4 148.1-25.9c16.3-6.8 31.5-15.2 43.9-25.5V432c0 44.2-86 80-192 80S0 476.2 0 432V396.6c12.5 10.3 27.6 18.7 43.9 25.5C83.4 438.6 135.8 448 192 448z\"\/><\/svg>\n      <\/span>\n      <span class='bde-icon-list__text' >\n      Ti garantiamo una <b>rendita annuale<\/b>, vuoto per pieno, con pagamenti mensili.\n      <\/span>\n              <\/div>\n      \n    <\/li>\n\n  \n              \n    <li>\n              <div class='bde-icon-list__item-wrapper'>\n      \n      <span class='bde-icon-list__icon'>\n        <svg xmlns=\"http:\/\/www.w3.org\/2000\/svg\" viewBox=\"0 0 640 512\"><!--! Font Awesome Free 6.5.1 by @fontawesome - https:\/\/fontawesome.com License - https:\/\/fontawesome.com\/license\/free (Icons: CC BY 4.0, Fonts: SIL OFL 1.1, Code: MIT License) Copyright 2023 Fonticons, Inc. --><path d=\"M320 0a128 128 0 1 1 0 256A128 128 0 1 1 320 0zM40 64c22.1 0 40 17.9 40 40v40 80 40.2c0 17 6.7 33.3 18.7 45.3l51.1 51.1c8.3 8.3 21.3 9.6 31 3.1c12.9-8.6 14.7-26.9 3.7-37.8l-15.2-15.2-32-32c-12.5-12.5-12.5-32.8 0-45.3s32.8-12.5 45.3 0l32 32 15.2 15.2 0 0 25.3 25.3c21 21 32.8 49.5 32.8 79.2V464c0 26.5-21.5 48-48 48H173.3c-17 0-33.3-6.7-45.3-18.7L28.1 393.4C10.1 375.4 0 351 0 325.5V224 160 104C0 81.9 17.9 64 40 64zm560 0c22.1 0 40 17.9 40 40v56 64V325.5c0 25.5-10.1 49.9-28.1 67.9L512 493.3c-12 12-28.3 18.7-45.3 18.7H400c-26.5 0-48-21.5-48-48V385.1c0-29.7 11.8-58.2 32.8-79.2l25.3-25.3 0 0 15.2-15.2 32-32c12.5-12.5 32.8-12.5 45.3 0s12.5 32.8 0 45.3l-32 32-15.2 15.2c-11 11-9.2 29.2 3.7 37.8c9.7 6.5 22.7 5.2 31-3.1l51.1-51.1c12-12 18.7-28.3 18.7-45.3V224 144 104c0-22.1 17.9-40 40-40z\"\/><\/svg>\n      <\/span>\n      <span class='bde-icon-list__text' >\n      <b>Zero pensieri<\/b>: gestione completa, con i nostri team di Pulizie, Manutenzioni e Customer Service.\n      <\/span>\n              <\/div>\n      \n    <\/li>\n\n  \n              \n    <li>\n              <div class='bde-icon-list__item-wrapper'>\n      \n      <span class='bde-icon-list__icon'>\n        <svg xmlns=\"http:\/\/www.w3.org\/2000\/svg\" viewBox=\"0 0 384 512\"><!--! Font Awesome Free 6.5.1 by @fontawesome - https:\/\/fontawesome.com License - https:\/\/fontawesome.com\/license\/free (Icons: CC BY 4.0, Fonts: SIL OFL 1.1, Code: MIT License) Copyright 2023 Fonticons, Inc. --><path d=\"M297.2 248.9C311.6 228.3 320 203.2 320 176c0-70.7-57.3-128-128-128S64 105.3 64 176c0 27.2 8.4 52.3 22.8 72.9c3.7 5.3 8.1 11.3 12.8 17.7l0 0c12.9 17.7 28.3 38.9 39.8 59.8c10.4 19 15.7 38.8 18.3 57.5H109c-2.2-12-5.9-23.7-11.8-34.5c-9.9-18-22.2-34.9-34.5-51.8l0 0 0 0c-5.2-7.1-10.4-14.2-15.4-21.4C27.6 247.9 16 213.3 16 176C16 78.8 94.8 0 192 0s176 78.8 176 176c0 37.3-11.6 71.9-31.4 100.3c-5 7.2-10.2 14.3-15.4 21.4l0 0 0 0c-12.3 16.8-24.6 33.7-34.5 51.8c-5.9 10.8-9.6 22.5-11.8 34.5H226.4c2.6-18.7 7.9-38.6 18.3-57.5c11.5-20.9 26.9-42.1 39.8-59.8l0 0 0 0 0 0c4.7-6.4 9-12.4 12.7-17.7zM192 128c-26.5 0-48 21.5-48 48c0 8.8-7.2 16-16 16s-16-7.2-16-16c0-44.2 35.8-80 80-80c8.8 0 16 7.2 16 16s-7.2 16-16 16zm0 384c-44.2 0-80-35.8-80-80V416H272v16c0 44.2-35.8 80-80 80z\"\/><\/svg>\n      <\/span>\n      <span class='bde-icon-list__text' >\n      <b>Zero spese<\/b>: tutte le utenze e le spese di gestione sono a carico nostro.\n      <\/span>\n              <\/div>\n      \n    <\/li>\n\n  <\/ul>\n\n<\/div><img decoding=\"async\" class=\"bde-image2-1549-138 bde-image2\" src=\"https:\/\/1dest.com\/wp-content\/uploads\/2025\/09\/Central-Lakeside-Delight-4.webp\" loading=\"lazy\" srcset=\"https:\/\/1dest.com\/wp-content\/uploads\/2025\/09\/Central-Lakeside-Delight-4.webp 1920w, https:\/\/1dest.com\/wp-content\/uploads\/2025\/09\/Central-Lakeside-Delight-4-300x225.webp 300w, https:\/\/1dest.com\/wp-content\/uploads\/2025\/09\/Central-Lakeside-Delight-4-1024x768.webp 1024w, https:\/\/1dest.com\/wp-content\/uploads\/2025\/09\/Central-Lakeside-Delight-4-768x576.webp 768w, https:\/\/1dest.com\/wp-content\/uploads\/2025\/09\/Central-Lakeside-Delight-4-1536x1152.webp 1536w, https:\/\/1dest.com\/wp-content\/uploads\/2025\/09\/Central-Lakeside-Delight-4-16x12.webp 16w\" sizes=\"(max-width: 1920px) 100vw, 1920px\">\n<\/div><\/div><\/div>\n<\/section><section class=\"bde-section-1549-113 bde-section\">\n  \n  \n\t\n\n\n\n<div class=\"section-container\"><div class=\"bde-columns-1549-114 bde-columns\"><div class=\"bde-column-1549-115 bde-column\">\n  \n  \n\t\n\n\n\n<h2 class=\"bde-heading-1549-124 bde-heading\">\nCompila  il form:\n<\/h2><div class=\"bde-form-builder-1549-122 bde-form-builder\">\n\n<form id=\"contact-form122\" class=\"breakdance-form breakdance-form--vertical\" data-options=\"{&quot;slug&quot;:&quot;custom&quot;,&quot;name&quot;:&quot;Contact Form&quot;,&quot;ajaxUrl&quot;:&quot;https:\\\/\\\/1dest.com\\\/wp-admin\\\/admin-ajax.php&quot;,&quot;clearOnSuccess&quot;:true,&quot;hideOnSuccess&quot;:false,&quot;successMessage&quot;:&quot;Il tuo messaggio \\u00e8 stato ricevuto!&quot;,&quot;errorMessage&quot;:&quot;Qualcosa \\u00e8 andato storto, riprova.&quot;,&quot;redirect&quot;:false,&quot;redirectUrl&quot;:&quot;&quot;,&quot;customJavaScript&quot;:&quot;&quot;,&quot;recaptcha&quot;:{&quot;key&quot;:&quot;&quot;,&quot;enabled&quot;:false},&quot;honeypot_enabled&quot;:false,&quot;popupsOnSuccess&quot;:[],&quot;popupsOnError&quot;:[]}\" data-steps=\"0\" >\n  \n  \n  \n<div class=\"breakdance-form-field breakdance-form-field--text\" >\n    \n    \n            <label class=\"breakdance-form-field__label\" for=\"name\">\n            Name<span class=\"breakdance-form-field__required\">*<\/span>\n        <\/label>\n    \n    <input\n    class=\"breakdance-form-field__input\"\n    id=\"name\"\n    aria-describedby=\"name\"\n    type=\"text\"\n    name=\"fields[name]\"\n    placeholder=\"Il tuo nome\"\n    value=\"\"\n                \n        \n        \n    required\n    \n    \n    \n>\n\n\n    \n    \n<\/div>\n\n\n<div class=\"breakdance-form-field breakdance-form-field--email\" >\n    \n    \n            <label class=\"breakdance-form-field__label\" for=\"email\">\n            Email<span class=\"breakdance-form-field__required\">*<\/span>\n        <\/label>\n    \n    <input\n    class=\"breakdance-form-field__input\"\n    id=\"email\"\n    aria-describedby=\"email\"\n    type=\"email\"\n    name=\"fields[email]\"\n    placeholder=\"Indirizzo email\"\n    value=\"\"\n                \n        \n        \n    required\n    \n    \n    \n>\n\n\n    \n    \n<\/div>\n\n\n<div class=\"breakdance-form-field breakdance-form-field--tel\" >\n    \n    \n            <label class=\"breakdance-form-field__label\" for=\"ffkijf\">\n            Phone<span class=\"breakdance-form-field__required\">*<\/span>\n        <\/label>\n    \n    <input\n    class=\"breakdance-form-field__input\"\n    id=\"ffkijf\"\n    aria-describedby=\"ffkijf\"\n    type=\"tel\"\n    name=\"fields[ffkijf]\"\n    placeholder=\"Telefono\"\n    value=\"\"\n                \n        \n        \n    required\n    \n    \n    \n>\n\n\n    \n    \n<\/div>\n\n\n<div class=\"breakdance-form-field breakdance-form-field--textarea\" >\n    \n    \n            <label class=\"breakdance-form-field__label\" for=\"message\">\n            Descrivi il tuo alloggio (facoltativo)\n        <\/label>\n    \n    <textarea\n    class=\"breakdance-form-field__input\"\n    id=\"message\"\n    aria-describedby=\"message\"\n    type=\"textarea\"\n    name=\"fields[message]\"\n        placeholder=\"Descrivi il tuo alloggio (facoltativo)\"\n    \n    >\n<\/textarea>\n\n\n    \n    \n<\/div>\n\n\n<div class=\"breakdance-form-field breakdance-form-field--checkbox\" >\n    \n    \n    \n    <fieldset role=\"group\"\n    >\n          <div class=\"breakdance-form-checkbox\">\n          <input\n              type=\"checkbox\"\n              name=\"fields[clqyjx]\"\n              value=\"Ho letto e accettato la &lt;a href=&quot;\/privacy-policy\/&quot;&gt;Privacy Policy&lt;\/a&gt;\"\n              id=\"clqyjx-1\"\n              \n                        >\n          <label class=\"breakdance-form-checkbox__text\" for=\"clqyjx-1\">Ho letto e accettato la <a href=\"\/privacy-policy\/\">Privacy Policy<\/a><\/label>\n      <\/div>\n  <\/fieldset>\n\n\n\n    \n    \n<\/div>\n\n\n  \n\n<div class=\"breakdance-form-field breakdance-form-footer\">\n    \n    \n                                    \n    \n    \n    \n    \n            \n            <button type=\"submit\" class=\"button-atom button-atom--primary breakdance-form-button breakdance-form-button__submit\"  >\n    \n        <span class=\"button-atom__text\">Invia messaggio<\/span>\n\n        \n        \n            <\/button>\n    \n    <input type=\"hidden\" name=\"form_id\" value=\"122\">\n    <input type=\"hidden\" name=\"post_id\" value=\"1549\">\n<\/div>\n\n  \n<\/form>\n\n\n<\/div>\n<\/div><div class=\"bde-column-1549-116 bde-column\">\n  \n  \n\t\n\n\n\n<h2 class=\"bde-heading-1549-139 bde-heading\">\nO contattaci direttamente:\n<\/h2><div class=\"bde-icon-box-1549-125 bde-icon-box\">\n\n    \n            <div class=\"ee-iconbox-icon breakdance-icon-atom\" >\n    \n                    <svg xmlns=\"http:\/\/www.w3.org\/2000\/svg\" viewBox=\"0 0 512 512\"><!--! Font Awesome Free 6.5.1 by @fontawesome - https:\/\/fontawesome.com License - https:\/\/fontawesome.com\/license\/free (Icons: CC BY 4.0, Fonts: SIL OFL 1.1, Code: MIT License) Copyright 2023 Fonticons, Inc. --><path d=\"M280 0C408.1 0 512 103.9 512 232c0 13.3-10.7 24-24 24s-24-10.7-24-24c0-101.6-82.4-184-184-184c-13.3 0-24-10.7-24-24s10.7-24 24-24zm8 192a32 32 0 1 1 0 64 32 32 0 1 1 0-64zm-32-72c0-13.3 10.7-24 24-24c75.1 0 136 60.9 136 136c0 13.3-10.7 24-24 24s-24-10.7-24-24c0-48.6-39.4-88-88-88c-13.3 0-24-10.7-24-24zM117.5 1.4c19.4-5.3 39.7 4.6 47.4 23.2l40 96c6.8 16.3 2.1 35.2-11.6 46.3L144 207.3c33.3 70.4 90.3 127.4 160.7 160.7L345 318.7c11.2-13.7 30-18.4 46.3-11.6l96 40c18.6 7.7 28.5 28 23.2 47.4l-24 88C481.8 499.9 466 512 448 512C200.6 512 0 311.4 0 64C0 46 12.1 30.2 29.5 25.4l88-24z\"\/><\/svg>\n        \n        \n        \n            <\/div>\n    \n\n<div class=\"ee-iconbox-content\">\n      <h3 class=\"ee-iconbox-title bde-h3\" >Telefono<\/h3>\n        <div class=\"ee-iconbox-text\" >+39 0464891134<\/div>\n    <\/div>\n\n<\/div><div class=\"bde-icon-box-1549-126 bde-icon-box\">\n\n    \n            <div class=\"ee-iconbox-icon breakdance-icon-atom\" >\n    \n                    <svg xmlns=\"http:\/\/www.w3.org\/2000\/svg\" id=\"icon-whatsapp\" viewBox=\"0 0 32 32\">\n<path d=\"M27.281 4.65c-2.994-3-6.975-4.65-11.219-4.65-8.738 0-15.85 7.112-15.85 15.856 0 2.794 0.731 5.525 2.119 7.925l-2.25 8.219 8.406-2.206c2.319 1.262 4.925 1.931 7.575 1.931h0.006c0 0 0 0 0 0 8.738 0 15.856-7.113 15.856-15.856 0-4.238-1.65-8.219-4.644-11.219zM16.069 29.050v0c-2.369 0-4.688-0.637-6.713-1.837l-0.481-0.288-4.987 1.306 1.331-4.863-0.313-0.5c-1.325-2.094-2.019-4.519-2.019-7.012 0-7.269 5.912-13.181 13.188-13.181 3.519 0 6.831 1.375 9.319 3.862 2.488 2.494 3.856 5.8 3.856 9.325-0.006 7.275-5.919 13.188-13.181 13.188zM23.294 19.175c-0.394-0.2-2.344-1.156-2.706-1.288s-0.625-0.2-0.894 0.2c-0.262 0.394-1.025 1.288-1.256 1.556-0.231 0.262-0.462 0.3-0.856 0.1s-1.675-0.619-3.188-1.969c-1.175-1.050-1.975-2.35-2.206-2.744s-0.025-0.613 0.175-0.806c0.181-0.175 0.394-0.463 0.594-0.694s0.262-0.394 0.394-0.662c0.131-0.262 0.069-0.494-0.031-0.694s-0.894-2.15-1.219-2.944c-0.319-0.775-0.65-0.669-0.894-0.681-0.231-0.012-0.494-0.012-0.756-0.012s-0.694 0.1-1.056 0.494c-0.363 0.394-1.387 1.356-1.387 3.306s1.419 3.831 1.619 4.1c0.2 0.262 2.794 4.269 6.769 5.981 0.944 0.406 1.681 0.65 2.256 0.837 0.95 0.3 1.813 0.256 2.494 0.156 0.762-0.113 2.344-0.956 2.675-1.881s0.331-1.719 0.231-1.881c-0.094-0.175-0.356-0.275-0.756-0.475z\"\/>\n<\/svg>\n        \n        \n        \n            <\/div>\n    \n\n<div class=\"ee-iconbox-content\">\n      <h3 class=\"ee-iconbox-title bde-h3\" >Whatsapp<\/h3>\n              \n                        \n                        \n    \n    \n    \n    \n            \n                    \n            \n            \n\n    \n    \n    \n    \n    \n    <a class=\"breakdance-link button-atom button-atom--text ee-iconbox-button\" href=\"https:\/\/wa.me\/390464891134?text=Ciao%201Dest...\" target=\"_self\" data-type=\"url\"  >\n\n    \n        <span class=\"button-atom__text\">Clicca qui per avviare una conversazione<\/span>\n\n        \n        \n                <\/a>\n\n    \n\n  <\/div>\n\n<\/div><div class=\"bde-icon-box-1549-127 bde-icon-box\">\n\n    \n            <div class=\"ee-iconbox-icon breakdance-icon-atom\" >\n    \n                    <svg xmlns=\"http:\/\/www.w3.org\/2000\/svg\" viewBox=\"0 0 512 512\"><!--! Font Awesome Free 6.5.1 by @fontawesome - https:\/\/fontawesome.com License - https:\/\/fontawesome.com\/license\/free (Icons: CC BY 4.0, Fonts: SIL OFL 1.1, Code: MIT License) Copyright 2023 Fonticons, Inc. --><path d=\"M64 112c-8.8 0-16 7.2-16 16v22.1L220.5 291.7c20.7 17 50.4 17 71.1 0L464 150.1V128c0-8.8-7.2-16-16-16H64zM48 212.2V384c0 8.8 7.2 16 16 16H448c8.8 0 16-7.2 16-16V212.2L322 328.8c-38.4 31.5-93.7 31.5-132 0L48 212.2zM0 128C0 92.7 28.7 64 64 64H448c35.3 0 64 28.7 64 64V384c0 35.3-28.7 64-64 64H64c-35.3 0-64-28.7-64-64V128z\"\/><\/svg>\n        \n        \n        \n            <\/div>\n    \n\n<div class=\"ee-iconbox-content\">\n      <h3 class=\"ee-iconbox-title bde-h3\" >Email:<\/h3>\n        <div class=\"ee-iconbox-text\" >info@1dest.com<\/div>\n    <\/div>\n\n<\/div>\n<\/div><\/div><\/div>\n<\/section>","protected":false},"excerpt":{"rendered":"<p>Affitta la tua casa Sei un proprietario di uno o pi\u00f9 appartamenti e vorresti affittare senza pensieri? Scopri di pi\u00f9 sulla nostra attivit\u00e0 di gestione e sulla nostra offerta vuoto per pieno! Siamo 1Dest Gestiamo il tuo immobile nel mercato degli affitti turistici, come se fosse nostro. Vogliamo offrire ai nostri ospiti un&#8217;esperienza di soggiorno [&hellip;]<\/p>\n","protected":false},"author":2,"featured_media":0,"parent":0,"menu_order":0,"comment_status":"closed","ping_status":"closed","template":"","meta":{"_breakdance_hide_in_design_set":false,"_breakdance_tags":"","footnotes":""},"class_list":["post-1549","page","type-page","status-publish","hentry"],"_links":{"self":[{"href":"https:\/\/1dest.com\/de\/wp-json\/wp\/v2\/pages\/1549","targetHints":{"allow":["GET"]}}],"collection":[{"href":"https:\/\/1dest.com\/de\/wp-json\/wp\/v2\/pages"}],"about":[{"href":"https:\/\/1dest.com\/de\/wp-json\/wp\/v2\/types\/page"}],"author":[{"embeddable":true,"href":"https:\/\/1dest.com\/de\/wp-json\/wp\/v2\/users\/2"}],"replies":[{"embeddable":true,"href":"https:\/\/1dest.com\/de\/wp-json\/wp\/v2\/comments?post=1549"}],"version-history":[{"count":23,"href":"https:\/\/1dest.com\/de\/wp-json\/wp\/v2\/pages\/1549\/revisions"}],"predecessor-version":[{"id":2727,"href":"https:\/\/1dest.com\/de\/wp-json\/wp\/v2\/pages\/1549\/revisions\/2727"}],"wp:attachment":[{"href":"https:\/\/1dest.com\/de\/wp-json\/wp\/v2\/media?parent=1549"}],"curies":[{"name":"wp","href":"https:\/\/api.w.org\/{rel}","templated":true}]}}